{"id":145,"date":"2025-02-10T09:18:00","date_gmt":"2025-02-10T09:18:00","guid":{"rendered":"https:\/\/naturetours-sweden.com\/?page_id=145"},"modified":"2026-04-01T10:03:09","modified_gmt":"2026-04-01T08:03:09","slug":"dogs","status":"publish","type":"page","link":"https:\/\/naturetours-sweden.com\/sv\/dogs\/","title":{"rendered":"Sl\u00e4dhundar"},"content":{"rendered":"<div class=\"wp-block-group alignfull has-foreground-alt-background-color has-background has-global-padding is-layout-constrained wp-block-group-is-layout-constrained\" style=\"margin-top:0;margin-bottom:0;padding-top:var(--wp--preset--spacing--20);padding-bottom:var(--wp--preset--spacing--20)\">\n<h2 class=\"wp-block-heading has-background-color has-text-color has-link-color wp-elements-916449b3082470a98a05b9cc4c03af7c\" style=\"border-style:none;border-width:0px\">Nordiskt \u00e4ventyr med hund<\/h2>\n<\/div>\n\n\n\n<h2 class=\"wp-block-heading has-text-align-center has-large-font-size\"><strong>Hundsl\u00e4de i Sverige \u2013 Ditt enast\u00e5ende vinter\u00e4ventyr!<\/strong><\/h2>\n\n\n\n<p class=\"has-text-align-center\" style=\"margin-top:16px\">Upplev livets \u00e4ventyr med hundsl\u00e4de i Sverige! Glid genom sn\u00f6t\u00e4ckta skogar och hisnande landskap medan ett team av Gr\u00f6nlandshundar b\u00e4r dig genom vintermagi. En of\u00f6rgl\u00f6mlig upplevelse full av natur, adrenalin och djurkamratskap \u2013 perfekt f\u00f6r \u00e4ventyrslystna och djur\u00e4lskare!<\/p>\n\n\n\n<div class=\"wp-block-columns is-layout-flex wp-container-core-columns-is-layout-28f84493 wp-block-columns-is-layout-flex\">\n<div class=\"wp-block-column is-layout-flow wp-block-column-is-layout-flow\">\n<div class=\"wp-block-cover is-light\"><img loading=\"lazy\" decoding=\"async\" width=\"1536\" height=\"2048\" class=\"wp-block-cover__image-background wp-image-583\" alt=\"\" src=\"https:\/\/naturetours-sweden.com\/wp-content\/uploads\/2025\/02\/IMG_1516.jpeg\" data-object-fit=\"cover\" srcset=\"https:\/\/naturetours-sweden.com\/wp-content\/uploads\/2025\/02\/IMG_1516.jpeg 1536w, https:\/\/naturetours-sweden.com\/wp-content\/uploads\/2025\/02\/IMG_1516-225x300.jpeg 225w, https:\/\/naturetours-sweden.com\/wp-content\/uploads\/2025\/02\/IMG_1516-768x1024.jpeg 768w, https:\/\/naturetours-sweden.com\/wp-content\/uploads\/2025\/02\/IMG_1516-1152x1536.jpeg 1152w, https:\/\/naturetours-sweden.com\/wp-content\/uploads\/2025\/02\/IMG_1516-9x12.jpeg 9w\" sizes=\"auto, (max-width: 1536px) 100vw, 1536px\" \/><span aria-hidden=\"true\" class=\"wp-block-cover__background has-background-dim\" style=\"background-color:#8da6c2\"><\/span><div class=\"wp-block-cover__inner-container is-layout-flow wp-block-cover-is-layout-flow\">\n<p class=\"has-text-align-center has-background-color has-text-color has-link-color has-large-font-size wp-elements-31f95243966c72ee88c0faf35ead15da\"><a href=\"https:\/\/naturetours-sweden.com\/sv\/sleddogtours\/\" title=\"Hundspannsturer\">Boka din tur<\/a><\/p>\n<\/div><\/div>\n<\/div>\n\n\n\n<div class=\"wp-block-column is-layout-flow wp-block-column-is-layout-flow\">\n<div class=\"wp-block-cover is-light\"><img loading=\"lazy\" decoding=\"async\" width=\"1536\" height=\"2048\" class=\"wp-block-cover__image-background wp-image-545\" alt=\"\" src=\"https:\/\/naturetours-sweden.com\/wp-content\/uploads\/2025\/02\/IMG_0340.jpeg\" data-object-fit=\"cover\" srcset=\"https:\/\/naturetours-sweden.com\/wp-content\/uploads\/2025\/02\/IMG_0340.jpeg 1536w, https:\/\/naturetours-sweden.com\/wp-content\/uploads\/2025\/02\/IMG_0340-225x300.jpeg 225w, https:\/\/naturetours-sweden.com\/wp-content\/uploads\/2025\/02\/IMG_0340-768x1024.jpeg 768w, https:\/\/naturetours-sweden.com\/wp-content\/uploads\/2025\/02\/IMG_0340-1152x1536.jpeg 1152w, https:\/\/naturetours-sweden.com\/wp-content\/uploads\/2025\/02\/IMG_0340-9x12.jpeg 9w\" sizes=\"auto, (max-width: 1536px) 100vw, 1536px\" \/><span aria-hidden=\"true\" class=\"wp-block-cover__background has-background-dim\" style=\"background-color:#917d65\"><\/span><div class=\"wp-block-cover__inner-container is-layout-flow wp-block-cover-is-layout-flow\">\n<p class=\"has-text-align-center has-background-color has-text-color has-link-color has-large-font-size wp-elements-b7985bb86d31b5e073ada2c9009f968a\"><a href=\"https:\/\/naturetours-sweden.com\/sv\/mdogs\/\" title=\"Hundar\">Hundar<\/a><\/p>\n<\/div><\/div>\n<\/div>\n<\/div>\n\n\n\n<div class=\"alignnormal\"><div id=\"metaslider-id-236\" style=\"width: 100%;\" class=\"ml-slider-3-107-0 metaslider metaslider-flex metaslider-236 ml-slider has-dots-nav ms-theme-default-base\" role=\"region\" aria-label=\"sliderdogs\" data-height=\"500\" data-width=\"700\">\n    <div id=\"metaslider_container_236\">\n        <div id=\"metaslider_236\">\n            <ul class='slides'>\n                <li style=\"display: block; width: 100%;\" class=\"slide-873 ms-image\" aria-roledescription=\"slide\" data-date=\"2025-03-26 15:59:12\" data-filename=\"IMG_2051-700x500.jpeg\" data-slide-type=\"image\"><img loading=\"lazy\" decoding=\"async\" src=\"https:\/\/naturetours-sweden.com\/wp-content\/uploads\/2025\/03\/IMG_2051-700x500.jpeg\" height=\"500\" width=\"700\" alt=\"\" class=\"slider-236 slide-873 msDefaultImage\" title=\"IMG_2051\" \/><\/li>\n                <li style=\"display: none; width: 100%;\" class=\"slide-874 ms-image\" aria-roledescription=\"slide\" data-date=\"2025-03-26 15:59:34\" data-filename=\"DSC04018-scaled-700x500.jpg\" data-slide-type=\"image\"><img loading=\"lazy\" decoding=\"async\" src=\"https:\/\/naturetours-sweden.com\/wp-content\/uploads\/2025\/03\/DSC04018-scaled-700x500.jpg\" height=\"500\" width=\"700\" alt=\"\" class=\"slider-236 slide-874 msDefaultImage\" title=\"DSC04018\" \/><\/li>\n                <li style=\"display: none; width: 100%;\" class=\"slide-875 ms-image\" aria-roledescription=\"slide\" data-date=\"2025-03-26 16:00:04\" data-filename=\"IMG_0616-700x500.jpeg\" data-slide-type=\"image\"><img loading=\"lazy\" decoding=\"async\" src=\"https:\/\/naturetours-sweden.com\/wp-content\/uploads\/2025\/05\/IMG_0616-700x500.jpeg\" height=\"500\" width=\"700\" alt=\"\" class=\"slider-236 slide-875 msDefaultImage\" title=\"IMG_0616\" \/><\/li>\n                <li style=\"display: none; width: 100%;\" class=\"slide-876 ms-image\" aria-roledescription=\"slide\" data-date=\"2025-03-26 16:01:28\" data-filename=\"IMG_0978-700x500.jpeg\" data-slide-type=\"image\"><img loading=\"lazy\" decoding=\"async\" src=\"https:\/\/naturetours-sweden.com\/wp-content\/uploads\/2025\/02\/IMG_0978-700x500.jpeg\" height=\"500\" width=\"700\" alt=\"\" class=\"slider-236 slide-876 msDefaultImage\" title=\"IMG_0978\" \/><\/li>\n                <li style=\"display: none; width: 100%;\" class=\"slide-877 ms-image\" aria-roledescription=\"slide\" data-date=\"2025-03-26 16:01:28\" data-filename=\"IMG_0951-700x500.jpeg\" data-slide-type=\"image\"><img loading=\"lazy\" decoding=\"async\" src=\"https:\/\/naturetours-sweden.com\/wp-content\/uploads\/2025\/02\/IMG_0951-700x500.jpeg\" height=\"500\" width=\"700\" alt=\"\" class=\"slider-236 slide-877 msDefaultImage\" title=\"IMG_0951\" \/><\/li>\n                <li style=\"display: none; width: 100%;\" class=\"slide-878 ms-image\" aria-roledescription=\"slide\" data-date=\"2025-03-26 16:01:28\" data-filename=\"DSC03112-scaled-700x500.jpg\" data-slide-type=\"image\"><img loading=\"lazy\" decoding=\"async\" src=\"https:\/\/naturetours-sweden.com\/wp-content\/uploads\/2025\/02\/DSC03112-scaled-700x500.jpg\" height=\"500\" width=\"700\" alt=\"\" class=\"slider-236 slide-878 msDefaultImage\" title=\"DSC03112\" \/><\/li>\n                <li style=\"display: none; width: 100%;\" class=\"slide-879 ms-image\" aria-roledescription=\"slide\" data-date=\"2025-03-26 16:01:28\" data-filename=\"DSC01288-scaled-700x500.jpg\" data-slide-type=\"image\"><img loading=\"lazy\" decoding=\"async\" src=\"https:\/\/naturetours-sweden.com\/wp-content\/uploads\/2025\/02\/DSC01288-scaled-700x500.jpg\" height=\"500\" width=\"700\" alt=\"\" class=\"slider-236 slide-879 msDefaultImage\" title=\"DSC01288\" \/><\/li>\n                <li style=\"display: none; width: 100%;\" class=\"slide-880 ms-image\" aria-roledescription=\"slide\" data-date=\"2025-03-26 16:01:28\" data-filename=\"DSC04020-scaled-700x500.jpg\" data-slide-type=\"image\"><img loading=\"lazy\" decoding=\"async\" src=\"https:\/\/naturetours-sweden.com\/wp-content\/uploads\/2025\/02\/DSC04020-scaled-700x500.jpg\" height=\"500\" width=\"700\" alt=\"\" class=\"slider-236 slide-880 msDefaultImage\" title=\"DSC04020\" \/><\/li>\n                <li style=\"display: none; width: 100%;\" class=\"slide-881 ms-image\" aria-roledescription=\"slide\" data-date=\"2025-03-26 16:01:28\" data-filename=\"IMG_1076-700x500.jpeg\" data-slide-type=\"image\"><img loading=\"lazy\" decoding=\"async\" src=\"https:\/\/naturetours-sweden.com\/wp-content\/uploads\/2025\/02\/IMG_1076-700x500.jpeg\" height=\"500\" width=\"700\" alt=\"\" class=\"slider-236 slide-881 msDefaultImage\" title=\"IMG_1076\" \/><\/li>\n            <\/ul>\n        <\/div>\n        \n    <\/div>\n<\/div><\/div>\n\n\n\n<div class=\"wp-block-group alignfull has-tertiary-background-color has-background has-global-padding is-layout-constrained wp-container-core-group-is-layout-7276a2bb wp-block-group-is-layout-constrained\" id=\"referenzen\" style=\"margin-top:0;margin-bottom:0;padding-top:var(--wp--preset--spacing--60);padding-right:var(--wp--preset--spacing--30);padding-bottom:var(--wp--preset--spacing--60);padding-left:var(--wp--preset--spacing--30)\">\n<div class=\"wp-block-group alignwide is-vertical is-layout-flex wp-container-core-group-is-layout-fe9cc265 wp-block-group-is-layout-flex\">\n<div class=\"wp-block-group has-global-padding is-layout-constrained wp-block-group-is-layout-constrained\">\n<h2 class=\"wp-block-heading has-large-font-size\">Of\u00f6rgl\u00f6mliga \u00e4ventyr i hj\u00e4rtat av Sverige<\/h2>\n\n\n\n<p style=\"margin-top:16px\">L\u00e4s vad v\u00e5ra g\u00e4ster hade att s\u00e4ga om sin vistelse hos oss.<\/p>\n<\/div>\n<\/div>\n\n\n\n<div class=\"wp-block-columns alignwide is-layout-flex wp-container-core-columns-is-layout-28f84493 wp-block-columns-is-layout-flex\">\n<div class=\"wp-block-column has-background-background-color has-background is-layout-flow wp-block-column-is-layout-flow\">\n<div class=\"wp-block-group has-global-padding is-layout-constrained wp-container-core-group-is-layout-24fca791 wp-block-group-is-layout-constrained\" style=\"padding-top:var(--wp--preset--spacing--30);padding-right:24px;padding-bottom:var(--wp--preset--spacing--30);padding-left:24px\">\n<p>Vi kom n\u00e4ra sl\u00e4dhundarna och h\u00e4starna p\u00e5 ett alldeles speciellt s\u00e4tt. En absolut h\u00f6jdpunkt var den underbara kv\u00e4llen i badtunnan, omgiven av sn\u00f6.<\/p>\n\n\n\n<div class=\"wp-block-group is-nowrap is-layout-flex wp-container-core-group-is-layout-3b4e9d3e wp-block-group-is-layout-flex\">\n<figure class=\"wp-block-image aligncenter size-large is-resized is-style-rounded\"><img loading=\"lazy\" decoding=\"async\" width=\"972\" height=\"1296\" src=\"https:\/\/naturetours-sweden.com\/wp-content\/uploads\/2025\/05\/IMG_1979-edited.jpeg\" alt=\"\" class=\"wp-image-1097\" style=\"aspect-ratio:1;object-fit:cover;width:68px;height:auto\" srcset=\"https:\/\/naturetours-sweden.com\/wp-content\/uploads\/2025\/05\/IMG_1979-edited.jpeg 972w, https:\/\/naturetours-sweden.com\/wp-content\/uploads\/2025\/05\/IMG_1979-edited-225x300.jpeg 225w, https:\/\/naturetours-sweden.com\/wp-content\/uploads\/2025\/05\/IMG_1979-edited-768x1024.jpeg 768w, https:\/\/naturetours-sweden.com\/wp-content\/uploads\/2025\/05\/IMG_1979-edited-9x12.jpeg 9w\" sizes=\"auto, (max-width: 972px) 100vw, 972px\" \/><\/figure>\n\n\n\n<div class=\"wp-block-group has-global-padding is-layout-constrained wp-block-group-is-layout-constrained\">\n<h4 class=\"wp-block-heading has-small-font-size\">Ute Teichert<\/h4>\n<\/div>\n<\/div>\n<\/div>\n<\/div>\n\n\n\n<div class=\"wp-block-column has-background-background-color has-background is-layout-flow wp-block-column-is-layout-flow\">\n<div class=\"wp-block-group has-global-padding is-layout-constrained wp-container-core-group-is-layout-24fca791 wp-block-group-is-layout-constrained\" style=\"padding-top:var(--wp--preset--spacing--30);padding-right:24px;padding-bottom:var(--wp--preset--spacing--30);padding-left:24px\">\n<p>Semestern med sl\u00e4dhundarna var en of\u00f6rgl\u00f6mlig upplevelse som vi definitivt vill g\u00f6ra om.<\/p>\n\n\n\n<div class=\"wp-block-group is-nowrap is-layout-flex wp-container-core-group-is-layout-3b4e9d3e wp-block-group-is-layout-flex\">\n<figure class=\"wp-block-image aligncenter is-style-rounded\"><img loading=\"lazy\" decoding=\"async\" width=\"64\" height=\"64\" src=\"https:\/\/naturetours-sweden.com\/wp-content\/uploads\/2025\/02\/843c95acfb30efa2ab985ab96ce317cb70226009.jpg\" alt=\"\" class=\"wp-image-100\" style=\"aspect-ratio:1;object-fit:cover\"\/><\/figure>\n\n\n\n<div class=\"wp-block-group has-global-padding is-layout-constrained wp-block-group-is-layout-constrained\">\n<h4 class=\"wp-block-heading has-small-font-size\">Lars Nyman<\/h4>\n\n\n\n<p class=\"has-small-font-size\" style=\"margin-top:2px\">Abenteuerliebhaber<\/p>\n<\/div>\n<\/div>\n<\/div>\n<\/div>\n\n\n\n<div class=\"wp-block-column has-background-background-color has-background is-layout-flow wp-block-column-is-layout-flow\">\n<div class=\"wp-block-group has-global-padding is-layout-constrained wp-container-core-group-is-layout-24fca791 wp-block-group-is-layout-constrained\" style=\"padding-top:var(--wp--preset--spacing--30);padding-right:24px;padding-bottom:var(--wp--preset--spacing--30);padding-left:24px\">\n<p>S\u00e4llan har vi kunnat koppla av och varva ner s\u00e5 bra som p\u00e5 Camp Thrymheim. Lugnet och den mysiga atmosf\u00e4ren p\u00e5 campen inbjuder till att stanna kvar.<\/p>\n\n\n\n<div class=\"wp-block-group is-nowrap is-layout-flex wp-container-core-group-is-layout-3b4e9d3e wp-block-group-is-layout-flex\">\n<figure class=\"wp-block-image aligncenter is-style-rounded\"><img loading=\"lazy\" decoding=\"async\" width=\"64\" height=\"64\" src=\"https:\/\/naturetours-sweden.com\/wp-content\/uploads\/2025\/02\/88f4f478b4facc07ee935defc775dd33d7034bdd.jpg\" alt=\"\" class=\"wp-image-101\" style=\"aspect-ratio:1;object-fit:cover\"\/><\/figure>\n\n\n\n<div class=\"wp-block-group has-global-padding is-layout-constrained wp-block-group-is-layout-constrained\">\n<h4 class=\"wp-block-heading has-small-font-size\">Sofia Eriksson<\/h4>\n\n\n\n<p class=\"has-small-font-size\" style=\"margin-top:2px\">Naturfreundin<\/p>\n<\/div>\n<\/div>\n<\/div>\n<\/div>\n<\/div>\n<\/div>","protected":false},"excerpt":{"rendered":"<p>Arctic Journeys with Dogs Dog sledding in Sweden \u2013 Your outstanding winter adventure! Experience the adventure of a lifetime with dog sledding in Sweden! Glide through snowy forests and breathtaking landscapes as a team of Greenland dogs carries you through the winter magic. An unforgettable experience full of nature, adrenaline, and animal companionship \u2013 perfect [&hellip;]<\/p>\n","protected":false},"author":1,"featured_media":0,"parent":0,"menu_order":0,"comment_status":"closed","ping_status":"closed","template":"no-title","meta":{"om_disable_all_campaigns":false,"_monsterinsights_skip_tracking":false,"_monsterinsights_sitenote_active":false,"_monsterinsights_sitenote_note":"","_monsterinsights_sitenote_category":0,"footnotes":""},"class_list":["post-145","page","type-page","status-publish","hentry"],"aioseo_notices":[],"_links":{"self":[{"href":"https:\/\/naturetours-sweden.com\/sv\/wp-json\/wp\/v2\/pages\/145","targetHints":{"allow":["GET"]}}],"collection":[{"href":"https:\/\/naturetours-sweden.com\/sv\/wp-json\/wp\/v2\/pages"}],"about":[{"href":"https:\/\/naturetours-sweden.com\/sv\/wp-json\/wp\/v2\/types\/page"}],"author":[{"embeddable":true,"href":"https:\/\/naturetours-sweden.com\/sv\/wp-json\/wp\/v2\/users\/1"}],"replies":[{"embeddable":true,"href":"https:\/\/naturetours-sweden.com\/sv\/wp-json\/wp\/v2\/comments?post=145"}],"version-history":[{"count":16,"href":"https:\/\/naturetours-sweden.com\/sv\/wp-json\/wp\/v2\/pages\/145\/revisions"}],"predecessor-version":[{"id":1101,"href":"https:\/\/naturetours-sweden.com\/sv\/wp-json\/wp\/v2\/pages\/145\/revisions\/1101"}],"wp:attachment":[{"href":"https:\/\/naturetours-sweden.com\/sv\/wp-json\/wp\/v2\/media?parent=145"}],"curies":[{"name":"wp","href":"https:\/\/api.w.org\/{rel}","templated":true}]}}