{"id":134,"date":"2025-02-09T16:02:28","date_gmt":"2025-02-09T16:02:28","guid":{"rendered":"https:\/\/naturetours-sweden.com\/?page_id=134"},"modified":"2025-05-28T12:29:58","modified_gmt":"2025-05-28T10:29:58","slug":"mhorses","status":"publish","type":"page","link":"https:\/\/naturetours-sweden.com\/sv\/mhorses\/","title":{"rendered":"Meet the horses"},"content":{"rendered":"<div class=\"wp-block-group alignfull has-foreground-background-color has-background has-global-padding is-layout-constrained wp-block-group-is-layout-constrained\" style=\"margin-top:0;margin-bottom:0;padding-top:0;padding-bottom:0\">\n<div class=\"wp-block-group alignfull has-foreground-alt-background-color has-background has-global-padding is-layout-constrained wp-block-group-is-layout-constrained\" style=\"margin-top:0;margin-bottom:0;padding-top:0;padding-bottom:0\">\n<h2 class=\"wp-block-heading has-background-color has-text-color has-link-color wp-elements-80740af1e69d2a81ac0685840c4afe1f\" style=\"padding-top:var(--wp--preset--spacing--20);padding-bottom:var(--wp--preset--spacing--20)\">V\u00e5ra h\u00e4star<\/h2>\n<\/div>\n<\/div>\n\n\n\n<div class=\"wp-block-group alignfull has-tertiary-background-color has-background has-global-padding is-layout-constrained wp-container-core-group-is-layout-7276a2bb wp-block-group-is-layout-constrained\" id=\"jetzt-buchen\" style=\"margin-top:0;margin-bottom:0;padding-top:var(--wp--preset--spacing--60);padding-right:var(--wp--preset--spacing--30);padding-bottom:var(--wp--preset--spacing--60);padding-left:var(--wp--preset--spacing--30)\">\n<div class=\"wp-block-columns alignwide are-vertically-aligned-center is-layout-flex wp-container-core-columns-is-layout-08c01c1c wp-block-columns-is-layout-flex\">\n<div class=\"wp-block-column is-vertically-aligned-center is-layout-flow wp-block-column-is-layout-flow\">\n<h2 class=\"wp-block-heading has-large-font-size\">V\u00e5r h\u00e4stfilosofi<\/h2>\n\n\n\n<p style=\"margin-top:16px\">Min relation till h\u00e4star har tagit m\u00e5nga v\u00e4ndningar. L\u00e4s mer om detta i avsnittet Om mig. \u00c4ven om jag fortfarande l\u00e4r mig och alltid kommer att g\u00f6ra det, \u00e4r den viktigaste l\u00e4rdomen jag f\u00e5tt att vara \u00e4kta tillsammans med h\u00e4star. Jag f\u00f6rs\u00f6ker inte vara n\u00e5got jag inte \u00e4r n\u00e4r jag \u00e4r med dem, jag f\u00f6rs\u00f6ker visa mig som jag \u00e4r. F\u00f6r det \u00e4r vad de g\u00f6r. <\/p>\n\n\n\n<p>N\u00e4rvaro, \u00e4kthet och en k\u00e4nsla f\u00f6r humor \u00e4r vad som v\u00e4gleder mig i mina relationer med h\u00e4star.<\/p>\n<\/div>\n\n\n\n<div class=\"wp-block-column is-vertically-aligned-center is-layout-flow wp-block-column-is-layout-flow\">\n<div class=\"wp-block-cover has-custom-content-position is-position-bottom-left\" style=\"border-radius:4px;padding-top:var(--wp--preset--spacing--40);padding-right:var(--wp--preset--spacing--30);padding-bottom:var(--wp--preset--spacing--30);padding-left:var(--wp--preset--spacing--30);min-height:429px;aspect-ratio:unset;\"><img loading=\"lazy\" decoding=\"async\" width=\"1024\" height=\"1024\" class=\"wp-block-cover__image-background wp-image-1205 size-large\" alt=\"\" src=\"https:\/\/naturetours-sweden.com\/wp-content\/uploads\/2025\/05\/FB_IMG_1675066179354.2-1024x1024.jpg\" data-object-fit=\"cover\" srcset=\"https:\/\/naturetours-sweden.com\/wp-content\/uploads\/2025\/05\/FB_IMG_1675066179354.2-1024x1024.jpg 1024w, https:\/\/naturetours-sweden.com\/wp-content\/uploads\/2025\/05\/FB_IMG_1675066179354.2-300x300.jpg 300w, https:\/\/naturetours-sweden.com\/wp-content\/uploads\/2025\/05\/FB_IMG_1675066179354.2-150x150.jpg 150w, https:\/\/naturetours-sweden.com\/wp-content\/uploads\/2025\/05\/FB_IMG_1675066179354.2-768x768.jpg 768w, https:\/\/naturetours-sweden.com\/wp-content\/uploads\/2025\/05\/FB_IMG_1675066179354.2-12x12.jpg 12w, https:\/\/naturetours-sweden.com\/wp-content\/uploads\/2025\/05\/FB_IMG_1675066179354.2.jpg 1071w\" sizes=\"auto, (max-width: 1024px) 100vw, 1024px\" \/><span aria-hidden=\"true\" class=\"wp-block-cover__background has-background-dim\" style=\"background-color:#706754\"><\/span><div class=\"wp-block-cover__inner-container is-layout-flow wp-block-cover-is-layout-flow\">\n<div style=\"height:240px\" aria-hidden=\"true\" class=\"wp-block-spacer\"><\/div>\n<\/div><\/div>\n<\/div>\n<\/div>\n<\/div>\n\n\n\n<div class=\"wp-block-columns is-layout-flex wp-container-core-columns-is-layout-28f84493 wp-block-columns-is-layout-flex\">\n<div class=\"wp-block-column is-layout-flow wp-block-column-is-layout-flow\">\n<figure class=\"wp-block-image size-large\"><img loading=\"lazy\" decoding=\"async\" width=\"1024\" height=\"1024\" src=\"https:\/\/naturetours-sweden.com\/wp-content\/uploads\/2025\/05\/IMG-20250513-WA0002-1024x1024.jpg\" alt=\"\" class=\"wp-image-1189\" style=\"aspect-ratio:1;object-fit:cover\" srcset=\"https:\/\/naturetours-sweden.com\/wp-content\/uploads\/2025\/05\/IMG-20250513-WA0002-1024x1024.jpg 1024w, https:\/\/naturetours-sweden.com\/wp-content\/uploads\/2025\/05\/IMG-20250513-WA0002-300x300.jpg 300w, https:\/\/naturetours-sweden.com\/wp-content\/uploads\/2025\/05\/IMG-20250513-WA0002-150x150.jpg 150w, https:\/\/naturetours-sweden.com\/wp-content\/uploads\/2025\/05\/IMG-20250513-WA0002-768x768.jpg 768w, https:\/\/naturetours-sweden.com\/wp-content\/uploads\/2025\/05\/IMG-20250513-WA0002-1536x1536.jpg 1536w, https:\/\/naturetours-sweden.com\/wp-content\/uploads\/2025\/05\/IMG-20250513-WA0002-12x12.jpg 12w, https:\/\/naturetours-sweden.com\/wp-content\/uploads\/2025\/05\/IMG-20250513-WA0002.jpg 1907w\" sizes=\"auto, (max-width: 1024px) 100vw, 1024px\" \/><\/figure>\n\n\n\n<figure class=\"wp-block-image size-large\" style=\"margin-right:0;margin-left:0\"><img loading=\"lazy\" decoding=\"async\" width=\"1024\" height=\"853\" src=\"https:\/\/naturetours-sweden.com\/wp-content\/uploads\/2025\/05\/received_244055690033229-1024x853.jpeg\" alt=\"\" class=\"wp-image-1191\" style=\"aspect-ratio:1;object-fit:cover\" srcset=\"https:\/\/naturetours-sweden.com\/wp-content\/uploads\/2025\/05\/received_244055690033229-1024x853.jpeg 1024w, https:\/\/naturetours-sweden.com\/wp-content\/uploads\/2025\/05\/received_244055690033229-300x250.jpeg 300w, https:\/\/naturetours-sweden.com\/wp-content\/uploads\/2025\/05\/received_244055690033229-768x639.jpeg 768w, https:\/\/naturetours-sweden.com\/wp-content\/uploads\/2025\/05\/received_244055690033229-1536x1279.jpeg 1536w, https:\/\/naturetours-sweden.com\/wp-content\/uploads\/2025\/05\/received_244055690033229-2048x1705.jpeg 2048w, https:\/\/naturetours-sweden.com\/wp-content\/uploads\/2025\/05\/received_244055690033229-14x12.jpeg 14w\" sizes=\"auto, (max-width: 1024px) 100vw, 1024px\" \/><\/figure>\n<\/div>\n\n\n\n<div class=\"wp-block-column is-layout-flow wp-block-column-is-layout-flow\">\n<h2 class=\"wp-block-heading has-text-align-center\">El Ni\u00f1o<\/h2>\n\n\n\n<p>Ras: Pura Raza Espa\u00f1ola \/ Svensk varmblodig travare<br>F\u00f6dd: 2015<\/p>\n\n\n\n<p class=\"has-text-align-center\">Ni\u00f1o var det f\u00f6rsta h\u00e4stmedlemmen i familjen och har funnits med mig l\u00e4ngst. Han har utvecklats mycket genom \u00e5ren och har nu hittat sin plats som ledare f\u00f6r h\u00e4stflocken, d\u00e4r han vakar \u00f6ver och tar hand om flocken.<\/p>\n\n\n\n<p class=\"has-text-align-center\">Tillsammans med m\u00e4nniskor \u00e4r han f\u00f6rtroendefull, mild och r\u00e4dd inte f\u00f6r att l\u00e5ta oss veta n\u00e4r n\u00e5got st\u00f6r honom eller om han har egna id\u00e9er om vad vi ska hitta p\u00e5.  <\/p>\n\n\n\n<p><\/p>\n<\/div>\n<\/div>\n\n\n\n<div class=\"wp-block-columns is-layout-flex wp-container-core-columns-is-layout-28f84493 wp-block-columns-is-layout-flex\">\n<div class=\"wp-block-column is-layout-flow wp-block-column-is-layout-flow\">\n<h2 class=\"wp-block-heading has-text-align-center\">Celoso S<\/h2>\n\n\n\n<p>Ras: Pura Raza Espa\u00f1ola<br>Born: 2018<\/p>\n\n\n\n<p class=\"has-text-align-center\">Celoso kom till oss n\u00e4r vi flyttade upp till Lillh\u00e4rdal 2023. \u00c4ntligen blev dr\u00f6mmen om att ha h\u00e4star hemma verklighet, men f\u00f6r det beh\u00f6vde vi ut\u00f6ka v\u00e5r flock och Celoso blev det andra medlemmen. <\/p>\n\n\n\n<p class=\"has-text-align-center\">Celoso \u00e4r en uttrycksfull PRE med ett v\u00e4nligt hj\u00e4rta. Han g\u00f6r inga halvhj\u00e4rtade insatser, han uttrycker fullt ut vad han k\u00e4nner och \u00e4r alltid nyfiken p\u00e5 livet och vad som kan upplevas.<\/p>\n\n\n\n<p><\/p>\n\n\n\n<p><\/p>\n\n\n\n<p><\/p>\n<\/div>\n\n\n\n<div class=\"wp-block-column is-layout-flow wp-block-column-is-layout-flow\">\n<figure class=\"wp-block-image size-large\"><img loading=\"lazy\" decoding=\"async\" width=\"1024\" height=\"1024\" src=\"https:\/\/naturetours-sweden.com\/wp-content\/uploads\/2025\/05\/10.2-1024x1024.jpg\" alt=\"\" class=\"wp-image-1193\" style=\"aspect-ratio:1;object-fit:cover\" srcset=\"https:\/\/naturetours-sweden.com\/wp-content\/uploads\/2025\/05\/10.2-1024x1024.jpg 1024w, https:\/\/naturetours-sweden.com\/wp-content\/uploads\/2025\/05\/10.2-300x300.jpg 300w, https:\/\/naturetours-sweden.com\/wp-content\/uploads\/2025\/05\/10.2-150x150.jpg 150w, https:\/\/naturetours-sweden.com\/wp-content\/uploads\/2025\/05\/10.2-768x768.jpg 768w, https:\/\/naturetours-sweden.com\/wp-content\/uploads\/2025\/05\/10.2-1536x1536.jpg 1536w, https:\/\/naturetours-sweden.com\/wp-content\/uploads\/2025\/05\/10.2-12x12.jpg 12w, https:\/\/naturetours-sweden.com\/wp-content\/uploads\/2025\/05\/10.2.jpg 1705w\" sizes=\"auto, (max-width: 1024px) 100vw, 1024px\" \/><\/figure>\n\n\n\n<figure class=\"wp-block-image size-full\" style=\"margin-right:0;margin-left:0\"><img loading=\"lazy\" decoding=\"async\" width=\"762\" height=\"762\" src=\"https:\/\/naturetours-sweden.com\/wp-content\/uploads\/2025\/05\/2.2.jpg\" alt=\"\" class=\"wp-image-1194\" style=\"aspect-ratio:1;object-fit:cover\" srcset=\"https:\/\/naturetours-sweden.com\/wp-content\/uploads\/2025\/05\/2.2.jpg 762w, https:\/\/naturetours-sweden.com\/wp-content\/uploads\/2025\/05\/2.2-300x300.jpg 300w, https:\/\/naturetours-sweden.com\/wp-content\/uploads\/2025\/05\/2.2-150x150.jpg 150w, https:\/\/naturetours-sweden.com\/wp-content\/uploads\/2025\/05\/2.2-12x12.jpg 12w\" sizes=\"auto, (max-width: 762px) 100vw, 762px\" \/><\/figure>\n<\/div>\n<\/div>\n\n\n\n<div class=\"wp-block-columns is-layout-flex wp-container-core-columns-is-layout-28f84493 wp-block-columns-is-layout-flex\">\n<div class=\"wp-block-column is-layout-flow wp-block-column-is-layout-flow\">\n<figure class=\"wp-block-image size-large\"><img loading=\"lazy\" decoding=\"async\" width=\"1024\" height=\"1024\" src=\"https:\/\/naturetours-sweden.com\/wp-content\/uploads\/2025\/05\/VideoCapture_20250514-164034-1024x1024.jpg\" alt=\"\" class=\"wp-image-1289\" style=\"aspect-ratio:1;object-fit:cover\" srcset=\"https:\/\/naturetours-sweden.com\/wp-content\/uploads\/2025\/05\/VideoCapture_20250514-164034-1024x1024.jpg 1024w, https:\/\/naturetours-sweden.com\/wp-content\/uploads\/2025\/05\/VideoCapture_20250514-164034-300x300.jpg 300w, https:\/\/naturetours-sweden.com\/wp-content\/uploads\/2025\/05\/VideoCapture_20250514-164034-150x150.jpg 150w, https:\/\/naturetours-sweden.com\/wp-content\/uploads\/2025\/05\/VideoCapture_20250514-164034-768x768.jpg 768w, https:\/\/naturetours-sweden.com\/wp-content\/uploads\/2025\/05\/VideoCapture_20250514-164034-12x12.jpg 12w, https:\/\/naturetours-sweden.com\/wp-content\/uploads\/2025\/05\/VideoCapture_20250514-164034.jpg 1080w\" sizes=\"auto, (max-width: 1024px) 100vw, 1024px\" \/><\/figure>\n\n\n\n<figure class=\"wp-block-image size-large\" style=\"margin-right:0;margin-left:0\"><img loading=\"lazy\" decoding=\"async\" width=\"1024\" height=\"768\" src=\"https:\/\/naturetours-sweden.com\/wp-content\/uploads\/2025\/05\/20250103_114015-1-1024x768.jpg\" alt=\"\" class=\"wp-image-1291\" style=\"aspect-ratio:1;object-fit:cover\" srcset=\"https:\/\/naturetours-sweden.com\/wp-content\/uploads\/2025\/05\/20250103_114015-1-1024x768.jpg 1024w, https:\/\/naturetours-sweden.com\/wp-content\/uploads\/2025\/05\/20250103_114015-1-300x225.jpg 300w, https:\/\/naturetours-sweden.com\/wp-content\/uploads\/2025\/05\/20250103_114015-1-768x576.jpg 768w, https:\/\/naturetours-sweden.com\/wp-content\/uploads\/2025\/05\/20250103_114015-1-1536x1152.jpg 1536w, https:\/\/naturetours-sweden.com\/wp-content\/uploads\/2025\/05\/20250103_114015-1-2048x1536.jpg 2048w, https:\/\/naturetours-sweden.com\/wp-content\/uploads\/2025\/05\/20250103_114015-1-16x12.jpg 16w\" sizes=\"auto, (max-width: 1024px) 100vw, 1024px\" \/><\/figure>\n<\/div>\n\n\n\n<div class=\"wp-block-column is-layout-flow wp-block-column-is-layout-flow\">\n<h2 class=\"wp-block-heading has-text-align-center\">Miss Red<\/h2>\n\n\n\n<p class=\"has-text-align-center\">Ras: Irsk sporth\u00e4st<br>F\u00f6dd: 2011 <\/p>\n\n\n\n<p class=\"has-text-align-center\">Miss Red is a caring mare with a fire inside. She will not compromise herself and will protect those the cares for with her life. When you meet her on her terms she has a lot to give. Coming from a largely unknown past, she carries some trauma in her body that we are still working through.<\/p>\n\n\n\n<p class=\"has-text-align-center\"><\/p>\n<\/div>\n<\/div>\n\n\n\n<div class=\"wp-block-columns is-layout-flex wp-container-core-columns-is-layout-28f84493 wp-block-columns-is-layout-flex\">\n<div class=\"wp-block-column is-layout-flow wp-block-column-is-layout-flow\">\n<h2 class=\"wp-block-heading has-text-align-center\">Beautyson<\/h2>\n\n\n\n<p>Ras: Svensk varmblodig travare<br>F\u00f6dd: 2010<\/p>\n\n\n\n<p>Tyson, som vi kallar honom, \u00e4r en mild j\u00e4tte. Han \u00e4r en v\u00e4ldigt sn\u00e4ll h\u00e4st med ett mjukt s\u00e4tt. Han tillbringade de f\u00f6rsta 12 \u00e5ren av sitt liv inom den svenska travscenen. Vid 12 \u00e5rs \u00e5lder pensionerade han sig sj\u00e4lv fr\u00e5n den scenen genom att l\u00e4gga sig ner under tr\u00e4ning, sulkyn och allt. <\/p>\n\n\n\n<p>Tyson har varit med oss sedan sommaren 2024 och har haft sitt f\u00f6rsta \u00e5r med b\u00e5de upp- och nedg\u00e5ngar medan vi l\u00e4r oss vad som f\u00e5r hans kropp och sinne att m\u00e5 b\u00e4ttre. <br><\/p>\n\n\n\n<p><\/p>\n<\/div>\n\n\n\n<div class=\"wp-block-column is-layout-flow wp-block-column-is-layout-flow\">\n<figure class=\"wp-block-image size-large\"><img loading=\"lazy\" decoding=\"async\" width=\"768\" height=\"1024\" src=\"https:\/\/naturetours-sweden.com\/wp-content\/uploads\/2025\/05\/20250324_132021-768x1024.jpg\" alt=\"\" class=\"wp-image-1198\" style=\"aspect-ratio:1;object-fit:cover\" srcset=\"https:\/\/naturetours-sweden.com\/wp-content\/uploads\/2025\/05\/20250324_132021-768x1024.jpg 768w, https:\/\/naturetours-sweden.com\/wp-content\/uploads\/2025\/05\/20250324_132021-225x300.jpg 225w, https:\/\/naturetours-sweden.com\/wp-content\/uploads\/2025\/05\/20250324_132021-1152x1536.jpg 1152w, https:\/\/naturetours-sweden.com\/wp-content\/uploads\/2025\/05\/20250324_132021-1536x2048.jpg 1536w, https:\/\/naturetours-sweden.com\/wp-content\/uploads\/2025\/05\/20250324_132021-9x12.jpg 9w, https:\/\/naturetours-sweden.com\/wp-content\/uploads\/2025\/05\/20250324_132021-scaled.jpg 1920w\" sizes=\"auto, (max-width: 768px) 100vw, 768px\" \/><\/figure>\n\n\n\n<figure class=\"wp-block-image size-large\" style=\"margin-right:0;margin-left:0\"><img loading=\"lazy\" decoding=\"async\" width=\"1024\" height=\"1024\" src=\"https:\/\/naturetours-sweden.com\/wp-content\/uploads\/2025\/05\/20250501_140613.2-1-1024x1024.jpg\" alt=\"\" class=\"wp-image-1201\" style=\"aspect-ratio:1;object-fit:cover\" srcset=\"https:\/\/naturetours-sweden.com\/wp-content\/uploads\/2025\/05\/20250501_140613.2-1-1024x1024.jpg 1024w, https:\/\/naturetours-sweden.com\/wp-content\/uploads\/2025\/05\/20250501_140613.2-1-300x300.jpg 300w, https:\/\/naturetours-sweden.com\/wp-content\/uploads\/2025\/05\/20250501_140613.2-1-150x150.jpg 150w, https:\/\/naturetours-sweden.com\/wp-content\/uploads\/2025\/05\/20250501_140613.2-1-768x768.jpg 768w, https:\/\/naturetours-sweden.com\/wp-content\/uploads\/2025\/05\/20250501_140613.2-1-1536x1536.jpg 1536w, https:\/\/naturetours-sweden.com\/wp-content\/uploads\/2025\/05\/20250501_140613.2-1-2048x2048.jpg 2048w, https:\/\/naturetours-sweden.com\/wp-content\/uploads\/2025\/05\/20250501_140613.2-1-12x12.jpg 12w\" sizes=\"auto, (max-width: 1024px) 100vw, 1024px\" \/><\/figure>\n<\/div>\n<\/div>","protected":false},"excerpt":{"rendered":"<p>Our horses Our horse philosophy My relationship with horses has taken many turns. Read more about this in the About me section. While I am still learning and always will be, the main lesson I&#8217;ve learned is to be authentic around horses. I don&#8217;t try to be something that I&#8217;m not when I&#8217;m with them, [&hellip;]<\/p>\n","protected":false},"author":1,"featured_media":0,"parent":0,"menu_order":0,"comment_status":"closed","ping_status":"closed","template":"no-title","meta":{"om_disable_all_campaigns":false,"_monsterinsights_skip_tracking":false,"_monsterinsights_sitenote_active":false,"_monsterinsights_sitenote_note":"","_monsterinsights_sitenote_category":0,"footnotes":""},"class_list":["post-134","page","type-page","status-publish","hentry"],"aioseo_notices":[],"_links":{"self":[{"href":"https:\/\/naturetours-sweden.com\/sv\/wp-json\/wp\/v2\/pages\/134","targetHints":{"allow":["GET"]}}],"collection":[{"href":"https:\/\/naturetours-sweden.com\/sv\/wp-json\/wp\/v2\/pages"}],"about":[{"href":"https:\/\/naturetours-sweden.com\/sv\/wp-json\/wp\/v2\/types\/page"}],"author":[{"embeddable":true,"href":"https:\/\/naturetours-sweden.com\/sv\/wp-json\/wp\/v2\/users\/1"}],"replies":[{"embeddable":true,"href":"https:\/\/naturetours-sweden.com\/sv\/wp-json\/wp\/v2\/comments?post=134"}],"version-history":[{"count":6,"href":"https:\/\/naturetours-sweden.com\/sv\/wp-json\/wp\/v2\/pages\/134\/revisions"}],"predecessor-version":[{"id":1292,"href":"https:\/\/naturetours-sweden.com\/sv\/wp-json\/wp\/v2\/pages\/134\/revisions\/1292"}],"wp:attachment":[{"href":"https:\/\/naturetours-sweden.com\/sv\/wp-json\/wp\/v2\/media?parent=134"}],"curies":[{"name":"wp","href":"https:\/\/api.w.org\/{rel}","templated":true}]}}