{"id":1268,"date":"2025-05-21T16:51:47","date_gmt":"2025-05-21T14:51:47","guid":{"rendered":"https:\/\/naturetours-sweden.com\/?page_id=1268"},"modified":"2025-05-27T19:35:59","modified_gmt":"2025-05-27T17:35:59","slug":"blogclothing","status":"publish","type":"page","link":"https:\/\/naturetours-sweden.com\/sv\/blogclothing\/","title":{"rendered":"blogclothing"},"content":{"rendered":"<div class=\"wp-block-group alignfull has-foreground-background-color has-background has-global-padding is-layout-constrained wp-block-group-is-layout-constrained\" style=\"margin-top:0;margin-bottom:0;padding-top:0;padding-bottom:0\">\n<div class=\"wp-block-group alignwide has-global-padding is-layout-constrained wp-block-group-is-layout-constrained\" style=\"padding-top:var(--wp--preset--spacing--30);padding-bottom:var(--wp--preset--spacing--30)\">\n<h1 class=\"wp-block-heading alignwide has-text-align-center has-background-color has-text-color\" style=\"font-size:clamp(0.875rem, 0.875rem + ((1vw - 0.2rem) * 0.625), 1.25rem);\"><strong><strong>What cloth do I wear during a sled dog tour?<\/strong><\/strong><\/h1>\n<\/div>\n<\/div>\n\n\n\n<h3 class=\"wp-block-heading\"><strong>Packlista &amp; tips<\/strong><\/h3>\n\n\n\n<p>I den h\u00e4r artikeln hittar du en lista \u00f6ver kl\u00e4der och utrustning som h\u00e5ller dig varm och v\u00e4l f\u00f6rberedd under ditt hundsl\u00e4des\u00e4ventyr.<\/p>\n\n\n\n<div class=\"wp-block-buttons is-content-justification-center is-layout-flex wp-container-core-buttons-is-layout-a89b3969 wp-block-buttons-is-layout-flex\">\n<div class=\"wp-block-button\"><a class=\"wp-block-button__link wp-element-button\" href=\"https:\/\/naturetours-sweden.com\/sv\/sleddogtours\/\">Boka din tur<\/a><\/div>\n<\/div>\n\n\n\n<p id=\"1\"><strong>Packlista:<\/strong><\/p>\n\n\n\n<ul class=\"wp-block-list\">\n<li><strong>Underst\u00e4ll:<\/strong> Fukttransporterande (syntet eller ull), ingen bomull<\/li>\n\n\n\n<li><strong>Mellanlager:<\/strong> Varm fleece eller ulltr\u00f6jor<\/li>\n\n\n\n<li><strong>Ytterlager:<\/strong> Vind- och vattent\u00e4t jacka och byxor (skidkl\u00e4der fungerar bra)<\/li>\n\n\n\n<li><strong>Skor:<\/strong> Isolerade vinterst\u00f6vlar med uttagbar innersko<\/li>\n\n\n\n<li><strong>Accessoarer:<\/strong> Warm hat, neck warmer, ski goggles\/sunglasses, mittens + liners<\/li>\n\n\n\n<li><strong>Extra saker:<\/strong> Pannlampa, termos, liten ryggs\u00e4ck,  solkr\u00e4m med h\u00f6g solskyddsfaktor<\/li>\n\n\n\n<li><strong>F\u00f6r \u00f6vernattningsturer:<\/strong> Expeditionssovs\u00e4ck (-30\u00b0C\/-40\u00b0C), hygienartiklar, handdukar<\/li>\n\n\n\n<li><strong>Valfritt:<\/strong> Kamera, powerbank, hand-\/fotv\u00e4rmare<\/li>\n\n\n\n<li>Overaller, sovs\u00e4ckar och vinterskor kan hyras spontant p\u00e5 plats (200 SEK\/vecka\/artikel)<\/li>\n<\/ul>\n\n\n\n<p>Om du v\u00e4ljer att ta med egna vinterk\u00e4ngor rekommenderar vi skor med avtagbar innersko. Sovs\u00e4ckar b\u00f6r klara temperaturer ner till -30 grader.<\/p>\n\n\n\n<p>Vi anv\u00e4nder olika lager kl\u00e4der f\u00f6r att h\u00e5lla oss varma. P\u00e5 s\u00e5 s\u00e4tt kan vi snabbt anpassa kl\u00e4derna efter de skiftande temperaturerna och f\u00f6rh\u00e5llandena under v\u00e5ra resor. Vi rekommenderar fuktavvisande lager som underst\u00e4ll f\u00f6r att h\u00e5lla s\u00e5 lite fukt som m\u00f6jligt direkt mot kroppen. Syntetmaterial eller djurull \u00e4r idealiska f\u00f6r detta. Bomull b\u00f6r d\u00e4remot inte b\u00e4ras som underst\u00e4ll, men kan anv\u00e4ndas som mellanlager.<\/p>\n\n\n\n<p>Se till att ditt yttersta lager \u00e4r t\u00e5ligt och inte g\u00e5r s\u00f6nder l\u00e4tt.<\/p>\n\n\n\n<div class=\"wp-block-buttons is-content-justification-center is-layout-flex wp-container-core-buttons-is-layout-a89b3969 wp-block-buttons-is-layout-flex\">\n<div class=\"wp-block-button\"><a class=\"wp-block-button__link wp-element-button\" href=\"https:\/\/naturetours-sweden.com\/sv\/sleddogtours\/\">Boka din tur<\/a><\/div>\n<\/div>\n\n\n\n<p><strong>Har du fr\u00e5gor? Fr\u00e5ga oss!<\/strong><\/p>\n\n\n\n<div class=\"wp-block-contact-form-7-contact-form-selector\">\n<div class=\"wpcf7 no-js\" id=\"wpcf7-f89-o1\" lang=\"de-DE\" dir=\"ltr\" data-wpcf7-id=\"89\">\n<div class=\"screen-reader-response\"><p role=\"status\" aria-live=\"polite\" aria-atomic=\"true\"><\/p> <ul><\/ul><\/div>\n<form action=\"\/sv\/wp-json\/wp\/v2\/pages\/1268#wpcf7-f89-o1\" method=\"post\" class=\"wpcf7-form init\" aria-label=\"Kontaktformular\" novalidate=\"novalidate\" data-status=\"init\" data-trp-original-action=\"\/sv\/wp-json\/wp\/v2\/pages\/1268#wpcf7-f89-o1\">\n<fieldset class=\"hidden-fields-container\"><input type=\"hidden\" name=\"_wpcf7\" value=\"89\" \/><input type=\"hidden\" name=\"_wpcf7_version\" value=\"6.1.5\" \/><input type=\"hidden\" name=\"_wpcf7_locale\" value=\"de_DE\" \/><input type=\"hidden\" name=\"_wpcf7_unit_tag\" value=\"wpcf7-f89-o1\" \/><input type=\"hidden\" name=\"_wpcf7_container_post\" value=\"0\" \/><input type=\"hidden\" name=\"_wpcf7_posted_data_hash\" value=\"\" \/>\n<\/fieldset>\n<p><label> Din namn<br \/>\n<span class=\"wpcf7-form-control-wrap\" data-name=\"your-name\"><input size=\"40\" maxlength=\"400\" class=\"wpcf7-form-control wpcf7-text wpcf7-validates-as-required\" autocomplete=\"name\" aria-required=\"true\" aria-invalid=\"false\" value=\"\" type=\"text\" name=\"your-name\" \/><\/span> <\/label>\n<\/p>\n<p><label> Din mejl-adress<br \/>\n<span class=\"wpcf7-form-control-wrap\" data-name=\"your-email\"><input size=\"40\" maxlength=\"400\" class=\"wpcf7-form-control wpcf7-email wpcf7-validates-as-required wpcf7-text wpcf7-validates-as-email\" autocomplete=\"email\" aria-required=\"true\" aria-invalid=\"false\" value=\"\" type=\"email\" name=\"your-email\" \/><\/span> <\/label>\n<\/p>\n<p><label> Din telefonnummer<br \/>\n<span class=\"wpcf7-form-control-wrap\" data-name=\"tel-819\"><input size=\"40\" maxlength=\"400\" class=\"wpcf7-form-control wpcf7-tel wpcf7-validates-as-required wpcf7-text wpcf7-validates-as-tel\" aria-required=\"true\" aria-invalid=\"false\" value=\"\" type=\"tel\" name=\"tel-819\" \/><\/span> <\/label>\n<\/p>\n<p><label> Din meddelande<br \/>\n<span class=\"wpcf7-form-control-wrap\" data-name=\"your-message\"><textarea cols=\"40\" rows=\"10\" maxlength=\"2000\" class=\"wpcf7-form-control wpcf7-textarea wpcf7-validates-as-required\" aria-required=\"true\" aria-invalid=\"false\" name=\"your-message\"><\/textarea><\/span> <\/label>\n<\/p>\n<p><span class=\"wpcf7-form-control-wrap\" data-name=\"quiz-35\"><label><span class=\"wpcf7-quiz-label\">Vad heter Frankrikes huvudstad?<\/span> <input size=\"40\" class=\"wpcf7-form-control wpcf7-quiz\" autocomplete=\"off\" aria-required=\"true\" aria-invalid=\"false\" type=\"text\" name=\"quiz-35\" \/><\/label><input type=\"hidden\" name=\"_wpcf7_quiz_answer_quiz-35\" value=\"2387e3a7193abf931926bbc5e0e351c9\" \/><\/span>\n<\/p>\n<p><input class=\"wpcf7-form-control wpcf7-submit has-spinner\" type=\"submit\" value=\"skicka\" \/>\n<\/p><div class=\"wpcf7-response-output\" aria-hidden=\"true\"><\/div>\n<input type=\"hidden\" name=\"trp-form-language\" value=\"sv\"\/><\/form>\n<\/div>\n<\/div>","protected":false},"excerpt":{"rendered":"<p>What cloth do I wear during a sled dog tour? Packing list &amp; tips In this article, you will find a list of clothes and equipment, that keep you warm and well equipped during your sled dog adventure. Packing list: If you choose to bring your own winter boots, we recommend shoes with a removable [&hellip;]<\/p>\n","protected":false},"author":1,"featured_media":0,"parent":0,"menu_order":0,"comment_status":"closed","ping_status":"closed","template":"no-title","meta":{"om_disable_all_campaigns":false,"_monsterinsights_skip_tracking":false,"_monsterinsights_sitenote_active":false,"_monsterinsights_sitenote_note":"","_monsterinsights_sitenote_category":0,"footnotes":""},"class_list":["post-1268","page","type-page","status-publish","hentry"],"aioseo_notices":[],"_links":{"self":[{"href":"https:\/\/naturetours-sweden.com\/sv\/wp-json\/wp\/v2\/pages\/1268","targetHints":{"allow":["GET"]}}],"collection":[{"href":"https:\/\/naturetours-sweden.com\/sv\/wp-json\/wp\/v2\/pages"}],"about":[{"href":"https:\/\/naturetours-sweden.com\/sv\/wp-json\/wp\/v2\/types\/page"}],"author":[{"embeddable":true,"href":"https:\/\/naturetours-sweden.com\/sv\/wp-json\/wp\/v2\/users\/1"}],"replies":[{"embeddable":true,"href":"https:\/\/naturetours-sweden.com\/sv\/wp-json\/wp\/v2\/comments?post=1268"}],"version-history":[{"count":6,"href":"https:\/\/naturetours-sweden.com\/sv\/wp-json\/wp\/v2\/pages\/1268\/revisions"}],"predecessor-version":[{"id":1288,"href":"https:\/\/naturetours-sweden.com\/sv\/wp-json\/wp\/v2\/pages\/1268\/revisions\/1288"}],"wp:attachment":[{"href":"https:\/\/naturetours-sweden.com\/sv\/wp-json\/wp\/v2\/media?parent=1268"}],"curies":[{"name":"wp","href":"https:\/\/api.w.org\/{rel}","templated":true}]}}