{"id":1254,"date":"2025-05-21T14:48:26","date_gmt":"2025-05-21T12:48:26","guid":{"rendered":"https:\/\/naturetours-sweden.com\/?page_id=1254"},"modified":"2025-05-21T16:29:39","modified_gmt":"2025-05-21T14:29:39","slug":"blogsledtour","status":"publish","type":"page","link":"https:\/\/naturetours-sweden.com\/sv\/blogsledtour\/","title":{"rendered":"blogsledtour"},"content":{"rendered":"<div class=\"wp-block-group alignfull has-foreground-background-color has-background has-global-padding is-layout-constrained wp-block-group-is-layout-constrained\" style=\"margin-top:0;margin-bottom:0;padding-top:0;padding-bottom:0\">\n<div class=\"wp-block-group alignwide has-global-padding is-layout-constrained wp-block-group-is-layout-constrained\" style=\"padding-top:var(--wp--preset--spacing--30);padding-bottom:var(--wp--preset--spacing--30)\">\n<h1 class=\"wp-block-heading alignwide has-text-align-center has-background-color has-text-color\" style=\"font-size:clamp(0.875rem, 0.875rem + ((1vw - 0.2rem) * 0.625), 1.25rem);\"><strong>Hur du planerar en hundsl\u00e4detur<\/strong><\/h1>\n<\/div>\n<\/div>\n\n\n\n<h3 class=\"wp-block-heading\"><strong>Vi ska \u00e5ka p\u00e5 en hundsl\u00e4destur<\/strong><\/h3>\n\n\n\n<p>I denna artikel hittar du intressant information om hundsl\u00e4deturer. Du l\u00e4r dig hur du f\u00f6rbereder dig r\u00e4tt f\u00f6r en tur och vad du kan f\u00f6rv\u00e4nta dig p\u00e5 plats.<\/p>\n\n\n\n<ul class=\"wp-block-list\">\n<li><a href=\"#1\" title=\"\">Allm\u00e4nt<\/a><\/li>\n\n\n\n<li><a href=\"#2\" title=\"\">Ditt \u00e4ventyr med sl\u00e4dhundar<\/a><\/li>\n\n\n\n<li><a href=\"#3\" title=\"\">Hur du planerar en hundsl\u00e4detur<\/a><\/li>\n\n\n\n<li><a href=\"#4\" title=\"\">Vanliga fr\u00e5gor<\/a><\/li>\n<\/ul>\n\n\n\n<div class=\"wp-block-buttons is-content-justification-center is-layout-flex wp-container-core-buttons-is-layout-a89b3969 wp-block-buttons-is-layout-flex\">\n<div class=\"wp-block-button\"><a class=\"wp-block-button__link wp-element-button\" href=\"https:\/\/naturetours-sweden.com\/sv\/sleddogtours\/\">Boka din tur<\/a><\/div>\n<\/div>\n\n\n\n<p id=\"1\"><strong>Allm\u00e4nt<\/strong><\/p>\n\n\n\n<p>Eftersom kopplingen mellan m\u00e4nniskor och hundar finns, s\u00e4rskilt i de sn\u00f6rikare delarna av v\u00e4rlden, har hundar dragit sl\u00e4dar tillsammans med m\u00e4nniskor. Med sina team kunde sl\u00e4df\u00f6rare (mushers) dagligen t\u00e4cka m\u00e5nga kilometer och tunga laster.<\/p>\n\n\n\n<p>Hundarna anv\u00e4ndes f\u00f6r jakt och resor, och i sv\u00e5ra tider betraktades de ocks\u00e5 som n\u00f6dranson f\u00f6r m\u00e4nniskor. Senare anv\u00e4ndes sl\u00e4dhundar f\u00f6r m\u00e5nga expeditioner. B\u00e5de Sydpolen och Nordpolen n\u00e5ddes f\u00f6rst med hundsl\u00e4de.<\/p>\n\n\n\n<p>Denna tradition gav upphov till hundsl\u00e4dek\u00f6rning som hobby i slutet av 1800-talet, och de f\u00f6rsta t\u00e4vlingarna h\u00f6lls. Till exempel \u00e4r Iditarod-loppet inspirerat av ett historiskt hundteam p\u00e5 grund av difteriepidemin i Nome, Alaska.<\/p>\n\n\n\n<p>\u00c4n idag \u00e4r hundsl\u00e4dek\u00f6rning fortfarande popul\u00e4rt i Skandinavien, Alaska, Kanada och delar av Schweiz\/Frankrike. Ursprungligen drogs sl\u00e4darna av Alaskan Malamutes, gr\u00f6nlandshundar, samojeder, sibiriska huskies och kanadensiska eskim\u00e5hundar, men m\u00e5nga mushers v\u00e4ljer idag de specialavlade Alaskan Huskies f\u00f6r sl\u00e4dhundst\u00e4vlingar.&nbsp;<\/p>\n\n\n\n<p>Vad som f\u00f6renar alla mushers \u00e4r gl\u00e4djen i en utflykt med sitt eget sl\u00e4dhundsteam genom det or\u00f6rda vinterlandskapet. Att vara helt i nuet med sitt fyrbenta team, uppleva soluppg\u00e5ngar och solnedg\u00e5ngar \u00f6ver de tr\u00e4dfria fj\u00e4lltopparna och utforska de till synes o\u00e4ndliga skogarna.<\/p>\n\n\n\n<p>Och detta \u00e4r n\u00e5got du ocks\u00e5 kan uppleva. Genom olika arrang\u00f6rer av hundsl\u00e4deturer kan \u00e4ven du uppfylla din dr\u00f6m om en tur med sl\u00e4dhundar.<\/p>\n\n\n\n<p id=\"2\"><strong>Ditt \u00e4ventyr med sl\u00e4dhundar<\/strong><\/p>\n\n\n\n<p>De flesta arrang\u00f6rer av hundsl\u00e4deturer finns i norra Skandinavien. H\u00e4r hittar du fortfarande Europas sn\u00f6rikaste omr\u00e5den. Sn\u00f6 tillsammans med unika fj\u00e4llandskap lockar m\u00e5nga turister varje \u00e5r. Den h\u00f6gsta sn\u00f6s\u00e4kerheten \u00e4r fr\u00e5n januari till slutet av mars. Ofta ligger sn\u00f6n redan i december och f\u00f6rsvinner inte f\u00f6rr\u00e4n i april. Perioden fr\u00e5n b\u00f6rjan av januari till mitten av februari anses vara kallast. Beroende p\u00e5 omr\u00e5de kan temperaturer under -30 grader ocks\u00e5 f\u00f6rekomma fr\u00e5n mitten av november. Ju l\u00e4ngre norrut du kommer, desto m\u00f6rkare blir det vid denna tid p\u00e5 \u00e5ret. Vill du ha en riktig vinterupplevelse \u00e4r januari och februari b\u00e4st. \u00c4ven i mars\/april kan det ibland vara mycket kallt p\u00e5 natten, men vanligtvis \u00e4r det mycket varmare p\u00e5 dagen. Det faktiska v\u00e4dret p\u00e5 plats kan dock inte f\u00f6ruts\u00e4gas p\u00e5 l\u00e4ngre sikt.<\/p>\n\n\n\n<p>Anpassat efter g\u00e4sters olika f\u00f6rv\u00e4ntningar och kondition erbjuder arrang\u00f6rerna flera turmodeller. F\u00f6rst avg\u00f6rs om g\u00e4ster vill k\u00f6ra egen sl\u00e4de eller \u00e5ka med i en guides sl\u00e4de. Det senare \u00e4r f\u00f6r dem som inte k\u00e4nner sig bekv\u00e4ma med eget hundteam p\u00e5 grund av kondition eller \u00e5lder. De flesta f\u00f6redrar dock egen sl\u00e4de. Turerna kan vara tim- eller dagsturer, eller flerdagarsturer. Stora arrang\u00f6rer har ofta bekv\u00e4ma hotell, medan mindre erbjuder allt fr\u00e5n mysiga, fullt utrustade boenden till traditionella skandinaviska stugor med vedeldad v\u00e4rme. Om \u00e4ventyret \u00e4r en del av skidsemestern rekommenderas tim-\/dagsturer. Deltagarna \u00e5ker d\u00e5 antingen med i guides sl\u00e4de eller k\u00f6r egen. Vanligt \u00e4r 1\u20135 timmar med hundarna ute i naturen och 10\u201350 km str\u00e4cka. M\u00e5nga erbjuder \u00e4ven fikapaus, kallad \u201dfika\u201d i Sverige.<\/p>\n\n\n\n<p>V\u00e4ljer du en flerdagarstur kan det vara flera dagsturer med avkoppling i huvudl\u00e4gret p\u00e5 kv\u00e4llen, i bastu eller uppv\u00e4rmd badtunna, eller flera dagar i rad med \u00f6vernattning i fj\u00e4llstugor, t\u00e4lt eller under bar himmel.<\/p>\n\n\n\n<p id=\"3\"><strong>Hur du planerar en hundsl\u00e4detur<\/strong><\/p>\n\n\n\n<p>Fundera f\u00f6rst p\u00e5 vilken typ av \u00e4ventyr som passar dig. \u00c4r det en f\u00f6rsta introduktion eller vill du vara ute en hel vecka? Informera dig om olika arrang\u00f6rer och v\u00e4lj en lockande turmodell.<\/p>\n\n\n\n<p>V\u00e5ra tips p\u00e5 vad du b\u00f6r t\u00e4nka p\u00e5:<\/p>\n\n\n\n<ul class=\"wp-block-list\">\n<li>Vad erbjuds mig?<\/li>\n\n\n\n<li>Hur blir jag inkvarterad?<\/li>\n\n\n\n<li>Hur stor \u00e4r den totala gruppen jag reser med?<\/li>\n\n\n\n<li>Hur tar jag mig dit?<\/li>\n\n\n\n<li>P\u00e5 vilket spr\u00e5k erbjuds turerna?<\/li>\n\n\n\n<li>\u00c4r resan v\u00e4l beskriven?<\/li>\n\n\n\n<li>Passar min kondition f\u00f6r resan?<\/li>\n<\/ul>\n\n\n\n<p>Ta reda p\u00e5 detta p\u00e5 f\u00f6retagens webbplatser och i deras sociala medier.<\/p>\n\n\n\n<p>Fundera sedan p\u00e5 n\u00e4r du vill resa och hur intensivt du vill uppleva den skandinaviska vintern. Vill du uppleva temperaturer under -20 b\u00f6r du boka i b\u00f6rjan av vinters\u00e4songen. F\u00f6redrar du en lugnare resa p\u00e5 redan v\u00e4lpreparerade hundleder \u00e4r mars att f\u00f6redra.<\/p>\n\n\n\n<p>Innan du kontaktar arrang\u00f6ren f\u00f6r hundspannsturen b\u00f6r du ocks\u00e5 ta reda p\u00e5 vilka resealternativ som finns. De flesta turer \u00e4ger rum l\u00e5ngt fr\u00e5n st\u00f6rre st\u00e4der och flygplatser, s\u00e5 resan dit kan vara komplicerad. I princip kan du k\u00f6ra bil sj\u00e4lv eller flyga och ta dig till hundl\u00e4gret med kollektivtrafik eller flygplatstransfer.<\/p>\n\n\n\n<p>T\u00e4nk sedan p\u00e5 att g\u00f6ra en packlista. F\u00f6rutom varm, l\u00e5ng underst\u00e4ll och skidkl\u00e4der \u00e4r det ofta bra att ta med termos, dagryggs\u00e4ck, pannlampa, skidglas\u00f6gon och solglas\u00f6gon. M\u00e5nga arrang\u00f6rer ger dig ocks\u00e5 en detaljerad packlista och erbjuder hyrutrustning. Om du bokar en tur med \u00f6vernattning i vildmarken, fr\u00e5ga efter tillg\u00e5ng till speciella expeditionssovs\u00e4ckar \u2013 de fungerar ner till -30 eller -40 grader. De flesta sovs\u00e4ckar som g\u00e4sterna sj\u00e4lva har med sig fungerar inte i dessa f\u00f6rh\u00e5llanden.<\/p>\n\n\n\n<div class=\"wp-block-buttons is-content-justification-center is-layout-flex wp-container-core-buttons-is-layout-a89b3969 wp-block-buttons-is-layout-flex\">\n<div class=\"wp-block-button\"><a class=\"wp-block-button__link wp-element-button\" href=\"https:\/\/naturetours-sweden.com\/sv\/sleddogtours\/\">Boka din tur<\/a><\/div>\n<\/div>\n\n\n\n<div class=\"alignnormal\"><div id=\"metaslider-id-236\" style=\"width: 100%;\" class=\"ml-slider-3-109-0 metaslider metaslider-flex metaslider-236 ml-slider has-dots-nav ms-theme-default-base\" role=\"region\" aria-label=\"sliderdogs\" data-height=\"500\" data-width=\"700\">\n    <div id=\"metaslider_container_236\">\n        <div id=\"metaslider_236\">\n            <ul class='slides'>\n                <li style=\"display: block; width: 100%;\" class=\"slide-873 ms-image\" aria-roledescription=\"slide\" data-date=\"2025-03-26 15:59:12\" data-filename=\"IMG_2051-700x500.jpeg\" data-slide-type=\"image\"><img loading=\"lazy\" decoding=\"async\" src=\"https:\/\/naturetours-sweden.com\/wp-content\/uploads\/2025\/03\/IMG_2051-700x500.jpeg\" height=\"500\" width=\"700\" alt=\"\" class=\"slider-236 slide-873 msDefaultImage\" title=\"IMG_2051\" \/><\/li>\n                <li style=\"display: none; width: 100%;\" class=\"slide-874 ms-image\" aria-roledescription=\"slide\" data-date=\"2025-03-26 15:59:34\" data-filename=\"DSC04018-scaled-700x500.jpg\" data-slide-type=\"image\"><img loading=\"lazy\" decoding=\"async\" src=\"https:\/\/naturetours-sweden.com\/wp-content\/uploads\/2025\/03\/DSC04018-scaled-700x500.jpg\" height=\"500\" width=\"700\" alt=\"\" class=\"slider-236 slide-874 msDefaultImage\" title=\"DSC04018\" \/><\/li>\n                <li style=\"display: none; width: 100%;\" class=\"slide-875 ms-image\" aria-roledescription=\"slide\" data-date=\"2025-03-26 16:00:04\" data-filename=\"IMG_0616-700x500.jpeg\" data-slide-type=\"image\"><img loading=\"lazy\" decoding=\"async\" src=\"https:\/\/naturetours-sweden.com\/wp-content\/uploads\/2025\/05\/IMG_0616-700x500.jpeg\" height=\"500\" width=\"700\" alt=\"\" class=\"slider-236 slide-875 msDefaultImage\" title=\"IMG_0616\" \/><\/li>\n                <li style=\"display: none; width: 100%;\" class=\"slide-876 ms-image\" aria-roledescription=\"slide\" data-date=\"2025-03-26 16:01:28\" data-filename=\"IMG_0978-700x500.jpeg\" data-slide-type=\"image\"><img loading=\"lazy\" decoding=\"async\" src=\"https:\/\/naturetours-sweden.com\/wp-content\/uploads\/2025\/02\/IMG_0978-700x500.jpeg\" height=\"500\" width=\"700\" alt=\"\" class=\"slider-236 slide-876 msDefaultImage\" title=\"IMG_0978\" \/><\/li>\n                <li style=\"display: none; width: 100%;\" class=\"slide-877 ms-image\" aria-roledescription=\"slide\" data-date=\"2025-03-26 16:01:28\" data-filename=\"IMG_0951-700x500.jpeg\" data-slide-type=\"image\"><img loading=\"lazy\" decoding=\"async\" src=\"https:\/\/naturetours-sweden.com\/wp-content\/uploads\/2025\/02\/IMG_0951-700x500.jpeg\" height=\"500\" width=\"700\" alt=\"\" class=\"slider-236 slide-877 msDefaultImage\" title=\"IMG_0951\" \/><\/li>\n                <li style=\"display: none; width: 100%;\" class=\"slide-878 ms-image\" aria-roledescription=\"slide\" data-date=\"2025-03-26 16:01:28\" data-filename=\"DSC03112-scaled-700x500.jpg\" data-slide-type=\"image\"><img loading=\"lazy\" decoding=\"async\" src=\"https:\/\/naturetours-sweden.com\/wp-content\/uploads\/2025\/02\/DSC03112-scaled-700x500.jpg\" height=\"500\" width=\"700\" alt=\"\" class=\"slider-236 slide-878 msDefaultImage\" title=\"DSC03112\" \/><\/li>\n                <li style=\"display: none; width: 100%;\" class=\"slide-879 ms-image\" aria-roledescription=\"slide\" data-date=\"2025-03-26 16:01:28\" data-filename=\"DSC01288-scaled-700x500.jpg\" data-slide-type=\"image\"><img loading=\"lazy\" decoding=\"async\" src=\"https:\/\/naturetours-sweden.com\/wp-content\/uploads\/2025\/02\/DSC01288-scaled-700x500.jpg\" height=\"500\" width=\"700\" alt=\"\" class=\"slider-236 slide-879 msDefaultImage\" title=\"DSC01288\" \/><\/li>\n                <li style=\"display: none; width: 100%;\" class=\"slide-880 ms-image\" aria-roledescription=\"slide\" data-date=\"2025-03-26 16:01:28\" data-filename=\"DSC04020-scaled-700x500.jpg\" data-slide-type=\"image\"><img loading=\"lazy\" decoding=\"async\" src=\"https:\/\/naturetours-sweden.com\/wp-content\/uploads\/2025\/02\/DSC04020-scaled-700x500.jpg\" height=\"500\" width=\"700\" alt=\"\" class=\"slider-236 slide-880 msDefaultImage\" title=\"DSC04020\" \/><\/li>\n                <li style=\"display: none; width: 100%;\" class=\"slide-881 ms-image\" aria-roledescription=\"slide\" data-date=\"2025-03-26 16:01:28\" data-filename=\"IMG_1076-700x500.jpeg\" data-slide-type=\"image\"><img loading=\"lazy\" decoding=\"async\" src=\"https:\/\/naturetours-sweden.com\/wp-content\/uploads\/2025\/02\/IMG_1076-700x500.jpeg\" height=\"500\" width=\"700\" alt=\"\" class=\"slider-236 slide-881 msDefaultImage\" title=\"IMG_1076\" \/><\/li>\n            <\/ul>\n        <\/div>\n        \n    <\/div>\n<\/div><\/div>\n\n\n\n<p id=\"4\" style=\"text-decoration:underline\"><strong>Vanliga fr\u00e5gor<\/strong><\/p>\n\n\n\n<p><strong>Hur h\u00e5ller jag mig varm vid -30 grader?<\/strong><\/p>\n\n\n\n<p>F\u00f6rutom r\u00e4tt kl\u00e4der (se ovan) \u00e4r r\u00f6relse viktig. R\u00f6r hela tiden p\u00e5 armar och ben f\u00f6r att undvika att frysa. Vi r\u00f6r t\u00e5rna i skorna \u00e4ven n\u00e4r vi sitter eller st\u00e5r l\u00e4nge, och detsamma g\u00e4ller h\u00e4nderna \u2013 ju mer de \u00e4r i r\u00f6relse, desto varmare blir de. K\u00e4nner du dig kall i hela kroppen kan ett kort sprint genom djup sn\u00f6 hj\u00e4lpa. Det \u00e4r anstr\u00e4ngande och \u00f6kar kroppens v\u00e4rmeproduktion. Det finns ocks\u00e5 \u00f6vningar vid sl\u00e4den f\u00f6r att f\u00f6rebygga k\u00f6ld. Fr\u00e5ga g\u00e4rna din guide hur du b\u00e4st r\u00f6r dig vid sl\u00e4den.<\/p>\n\n\n\n<p><strong>Hur tar jag mig dit?<\/strong><\/p>\n\n\n\n<p>De flesta g\u00e4ster reser till Skandinavien med bil eller flyger via stora flygplatser i Stockholm och Oslo. D\u00e4rifr\u00e5n g\u00e5r det ofta bussar till sn\u00f6omr\u00e5dena.<\/p>\n\n\n\n<p><strong>Vilka sl\u00e4dar anv\u00e4nds p\u00e5 turerna?<\/strong><\/p>\n\n\n\n<p>I Gr\u00f6nland \u00e4r sl\u00e4darna ofta breda och tunga (upp till 5 personer kan sitta p\u00e5 dem), medan s\u00e5 kallade \"nordiska sl\u00e4dar\" anv\u00e4nds i Nordamerika och Nordeuropa. De \u00e4r mestadels gjorda av tr\u00e4 eller aluminium. Sl\u00e4df\u00f6raren st\u00e5r bakom sl\u00e4den och har en lastutrymme f\u00f6r bagage eller eventuellt en person framtill.<\/p>\n\n\n\n<p><strong>Hur bra kondition b\u00f6r jag ha?<\/strong><\/p>\n\n\n\n<p>Det beror p\u00e5 hur l\u00e5ng turen \u00e4r. Om du \u00e5ker med en guide beh\u00f6ver du inte vara s\u00e4rskilt fit, men du b\u00f6r vara smidig nog att luta dig i kurvor och snabbt resa dig vid ett fall. P\u00e5 flerdagsturer b\u00f6r deltagarna vara hyfsat i form. Fr\u00e5ga turarrang\u00f6ren om rekommenderad konditionsniv\u00e5. Ibland \u00e4r det b\u00e4ttre att b\u00f6rja f\u00f6rsiktigt och boka l\u00e4ngre\/tuffare turer n\u00e4r du f\u00e5tt erfarenhet.<\/p>\n\n\n\n<p><strong>Hur m\u00e5r djuren? \/ Djurens v\u00e4lbefinnande<\/strong><\/p>\n\n\n\n<p>Djuren \u00e4r antingen uppf\u00f6dda f\u00f6r detta \u00e4ndam\u00e5l eller, som v\u00e5ra gr\u00f6nl\u00e4ndska hundar, har levt med dragarbete i tusentals \u00e5r. Att dra sl\u00e4dar \u00e4r det enda s\u00e4ttet att tillgodose deras stora behov av motion. Hundar har dock ocks\u00e5 andra behov. De gillar att utforska nya saker och har ofta ett starkt socialt liv som de vill leva ut. Naturligtvis kan mer uppm\u00e4rksamhet ges till varje enskild hund ju mindre hundg\u00e5rden \u00e4r. De flesta sl\u00e4dhundar \u00e4r v\u00e4l anpassade till kalla och sn\u00f6iga omr\u00e5den d\u00e4r de lever. Medan till exempel gr\u00f6nl\u00e4ndska hundar eller Alaskan Malamutes trivs bra vid temperaturer under -25 grader, beh\u00f6ver de modernare Alaskan Huskies hj\u00e4lpmedel som jackor och v\u00e4lisolerade hundkojor vid dessa temperaturer.<\/p>\n\n\n\n<p><strong>Vad g\u00f6r hundarna p\u00e5 sommaren?<\/strong><\/p>\n\n\n\n<p>Vissa hundf\u00f6rare l\u00e4mnar sina hundar i inh\u00e4gnader n\u00e5gra m\u00e5nader p\u00e5 sommaren, medan andra tr\u00e4nar sina hundar \u00e5ret runt. Team med 10-20 hundar sp\u00e4nns f\u00f6r fyrhjulingar eller strandbuggys och tr\u00e4nas. Eftersom hundarna snabbt blir \u00f6verhettade vid h\u00f6ga temperaturer sker tr\u00e4ningen oftast p\u00e5 natten efter midnattssolen har g\u00e5tt ner. Vi tr\u00e4nar v\u00e5ra hundar \u00e5ret runt. P\u00e5 s\u00e5 s\u00e4tt bevarar vi inte bara deras muskler f\u00f6r n\u00e4sta s\u00e4song, utan ger dem ocks\u00e5 den fysiska och mentala stimulans de beh\u00f6ver.<\/p>\n\n\n\n<p><strong>Kan jag arbeta med sl\u00e4dhundar?<\/strong><\/p>\n\n\n\n<p>Arbetet \u00e4r starkt s\u00e4songsbetonat. De flesta arbetare beh\u00f6vs och s\u00f6ks p\u00e5 vintern, men hundarna beh\u00f6ver ocks\u00e5 omv\u00e5rdnad p\u00e5 sommaren. Om detta passar dig, skriv till n\u00e5gra turarrang\u00f6rer fr\u00e5n och med maj och fr\u00e5ga om du kan arbeta fram till vintern. Till en b\u00f6rjan b\u00f6rjar du som hundsk\u00f6tare (ofta mot mat och logi). Du matar hundarna, tar hand om turg\u00e4sterna och hj\u00e4lper till i huvudl\u00e4gret. Ju l\u00e4ngre du jobbar, desto mer ansvar kan du f\u00e5 och du har \u00e4ven m\u00f6jlighet till l\u00f6n. Se till att bli officiellt anst\u00e4lld och fr\u00e5ga i f\u00f6rv\u00e4g om boendef\u00f6rh\u00e5llandena. Tips: M\u00e5nga jobb annonseras i relevanta Facebook-grupper.<\/p>\n\n\n\n<div class=\"wp-block-buttons is-content-justification-center is-layout-flex wp-container-core-buttons-is-layout-a89b3969 wp-block-buttons-is-layout-flex\">\n<div class=\"wp-block-button\"><a class=\"wp-block-button__link wp-element-button\" href=\"https:\/\/naturetours-sweden.com\/sv\/sleddogtours\/\">Boka din tur<\/a><\/div>\n<\/div>\n\n\n\n<div class=\"alignnormal\"><div id=\"metaslider-id-256\" style=\"width: 100%;\" class=\"ml-slider-3-109-0 metaslider metaslider-flex metaslider-256 ml-slider has-dots-nav ms-theme-default-base\" role=\"region\" aria-label=\"sliderwildtour\" data-height=\"500\" data-width=\"700\">\n    <div id=\"metaslider_container_256\">\n        <div id=\"metaslider_256\">\n            <ul class='slides'>\n                <li style=\"display: block; width: 100%;\" class=\"slide-884 ms-image\" aria-roledescription=\"slide\" data-date=\"2025-03-26 16:43:41\" data-filename=\"DSC03709-scaled-700x500.jpeg\" data-slide-type=\"image\"><img loading=\"lazy\" decoding=\"async\" src=\"https:\/\/naturetours-sweden.com\/wp-content\/uploads\/2025\/03\/DSC03709-scaled-700x500.jpeg\" height=\"500\" width=\"700\" alt=\"\" class=\"slider-256 slide-884 msDefaultImage\" title=\"DSC03709\" \/><\/li>\n                <li style=\"display: none; width: 100%;\" class=\"slide-886 ms-image\" aria-roledescription=\"slide\" data-date=\"2025-03-26 16:43:41\" data-filename=\"IMG_1792-700x500.jpeg\" data-slide-type=\"image\"><img loading=\"lazy\" decoding=\"async\" src=\"https:\/\/naturetours-sweden.com\/wp-content\/uploads\/2025\/02\/IMG_1792-700x500.jpeg\" height=\"500\" width=\"700\" alt=\"\" class=\"slider-256 slide-886 msDefaultImage\" title=\"IMG_1792\" \/><\/li>\n                <li style=\"display: none; width: 100%;\" class=\"slide-887 ms-image\" aria-roledescription=\"slide\" data-date=\"2025-03-26 16:43:41\" data-filename=\"IMG_1367-700x500.jpeg\" data-slide-type=\"image\"><img loading=\"lazy\" decoding=\"async\" src=\"https:\/\/naturetours-sweden.com\/wp-content\/uploads\/2025\/02\/IMG_1367-700x500.jpeg\" height=\"500\" width=\"700\" alt=\"\" class=\"slider-256 slide-887 msDefaultImage\" title=\"IMG_1367\" \/><\/li>\n            <\/ul>\n        <\/div>\n        \n    <\/div>\n<\/div><\/div>\n\n\n\n<p><strong>Har du fr\u00e5gor? Fr\u00e5ga oss!<\/strong><\/p>\n\n\n\n<div class=\"wp-block-contact-form-7-contact-form-selector\">\n<div class=\"wpcf7 no-js\" id=\"wpcf7-f89-o1\" lang=\"de-DE\" dir=\"ltr\" data-wpcf7-id=\"89\">\n<div class=\"screen-reader-response\"><p role=\"status\" aria-live=\"polite\" aria-atomic=\"true\"><\/p> <ul><\/ul><\/div>\n<form action=\"\/sv\/wp-json\/wp\/v2\/pages\/1254#wpcf7-f89-o1\" method=\"post\" class=\"wpcf7-form init\" aria-label=\"Kontaktformular\" novalidate=\"novalidate\" data-status=\"init\" data-trp-original-action=\"\/sv\/wp-json\/wp\/v2\/pages\/1254#wpcf7-f89-o1\">\n<fieldset class=\"hidden-fields-container\"><input type=\"hidden\" name=\"_wpcf7\" value=\"89\" \/><input type=\"hidden\" name=\"_wpcf7_version\" value=\"6.1.5\" \/><input type=\"hidden\" name=\"_wpcf7_locale\" value=\"de_DE\" \/><input type=\"hidden\" name=\"_wpcf7_unit_tag\" value=\"wpcf7-f89-o1\" \/><input type=\"hidden\" name=\"_wpcf7_container_post\" value=\"0\" \/><input type=\"hidden\" name=\"_wpcf7_posted_data_hash\" value=\"\" \/>\n<\/fieldset>\n<p><label> Din namn<br \/>\n<span class=\"wpcf7-form-control-wrap\" data-name=\"your-name\"><input size=\"40\" maxlength=\"400\" class=\"wpcf7-form-control wpcf7-text wpcf7-validates-as-required\" autocomplete=\"name\" aria-required=\"true\" aria-invalid=\"false\" value=\"\" type=\"text\" name=\"your-name\" \/><\/span> <\/label>\n<\/p>\n<p><label> Din mejl-adress<br \/>\n<span class=\"wpcf7-form-control-wrap\" data-name=\"your-email\"><input size=\"40\" maxlength=\"400\" class=\"wpcf7-form-control wpcf7-email wpcf7-validates-as-required wpcf7-text wpcf7-validates-as-email\" autocomplete=\"email\" aria-required=\"true\" aria-invalid=\"false\" value=\"\" type=\"email\" name=\"your-email\" \/><\/span> <\/label>\n<\/p>\n<p><label> Din telefonnummer<br \/>\n<span class=\"wpcf7-form-control-wrap\" data-name=\"tel-819\"><input size=\"40\" maxlength=\"400\" class=\"wpcf7-form-control wpcf7-tel wpcf7-validates-as-required wpcf7-text wpcf7-validates-as-tel\" aria-required=\"true\" aria-invalid=\"false\" value=\"\" type=\"tel\" name=\"tel-819\" \/><\/span> <\/label>\n<\/p>\n<p><label> Din meddelande<br \/>\n<span class=\"wpcf7-form-control-wrap\" data-name=\"your-message\"><textarea cols=\"40\" rows=\"10\" maxlength=\"2000\" class=\"wpcf7-form-control wpcf7-textarea wpcf7-validates-as-required\" aria-required=\"true\" aria-invalid=\"false\" name=\"your-message\"><\/textarea><\/span> <\/label>\n<\/p>\n<p><span class=\"wpcf7-form-control-wrap\" data-name=\"quiz-35\"><label><span class=\"wpcf7-quiz-label\">Vad heter Frankrikes huvudstad?<\/span> <input size=\"40\" class=\"wpcf7-form-control wpcf7-quiz\" autocomplete=\"off\" aria-required=\"true\" aria-invalid=\"false\" type=\"text\" name=\"quiz-35\" \/><\/label><input type=\"hidden\" name=\"_wpcf7_quiz_answer_quiz-35\" value=\"2387e3a7193abf931926bbc5e0e351c9\" \/><\/span>\n<\/p>\n<p><input class=\"wpcf7-form-control wpcf7-submit has-spinner\" type=\"submit\" value=\"skicka\" \/>\n<\/p><div class=\"wpcf7-response-output\" aria-hidden=\"true\"><\/div>\n<input type=\"hidden\" name=\"trp-form-language\" value=\"sv\"\/><\/form>\n<\/div>\n<\/div>","protected":false},"excerpt":{"rendered":"<p>How to plan a sled dog tour We are going on a sled dog tour In this article, you will find interesting information about dog sledding tours. You will learn how to properly prepare for a tour and what to expect on-site. General Since the connection between humans and dogs exists, especially in the snowier [&hellip;]<\/p>\n","protected":false},"author":1,"featured_media":0,"parent":0,"menu_order":0,"comment_status":"closed","ping_status":"closed","template":"no-title","meta":{"om_disable_all_campaigns":false,"_monsterinsights_skip_tracking":false,"_monsterinsights_sitenote_active":false,"_monsterinsights_sitenote_note":"","_monsterinsights_sitenote_category":0,"footnotes":""},"class_list":["post-1254","page","type-page","status-publish","hentry"],"aioseo_notices":[],"_links":{"self":[{"href":"https:\/\/naturetours-sweden.com\/sv\/wp-json\/wp\/v2\/pages\/1254","targetHints":{"allow":["GET"]}}],"collection":[{"href":"https:\/\/naturetours-sweden.com\/sv\/wp-json\/wp\/v2\/pages"}],"about":[{"href":"https:\/\/naturetours-sweden.com\/sv\/wp-json\/wp\/v2\/types\/page"}],"author":[{"embeddable":true,"href":"https:\/\/naturetours-sweden.com\/sv\/wp-json\/wp\/v2\/users\/1"}],"replies":[{"embeddable":true,"href":"https:\/\/naturetours-sweden.com\/sv\/wp-json\/wp\/v2\/comments?post=1254"}],"version-history":[{"count":7,"href":"https:\/\/naturetours-sweden.com\/sv\/wp-json\/wp\/v2\/pages\/1254\/revisions"}],"predecessor-version":[{"id":1267,"href":"https:\/\/naturetours-sweden.com\/sv\/wp-json\/wp\/v2\/pages\/1254\/revisions\/1267"}],"wp:attachment":[{"href":"https:\/\/naturetours-sweden.com\/sv\/wp-json\/wp\/v2\/media?parent=1254"}],"curies":[{"name":"wp","href":"https:\/\/api.w.org\/{rel}","templated":true}]}}