{"id":1172,"date":"2025-05-12T19:10:25","date_gmt":"2025-05-12T18:10:25","guid":{"rendered":"https:\/\/naturetours-sweden.com\/?page_id=1172"},"modified":"2026-04-02T14:22:15","modified_gmt":"2026-04-02T12:22:15","slug":"blog","status":"publish","type":"page","link":"https:\/\/naturetours-sweden.com\/sv\/blog\/","title":{"rendered":"Blog"},"content":{"rendered":"<div class=\"wp-block-group alignfull has-foreground-background-color has-background has-global-padding is-layout-constrained wp-block-group-is-layout-constrained\" style=\"margin-top:0;margin-bottom:0;padding-top:0;padding-bottom:0\">\n<div class=\"wp-block-group alignwide has-global-padding is-layout-constrained wp-block-group-is-layout-constrained\" style=\"padding-top:var(--wp--preset--spacing--30);padding-bottom:var(--wp--preset--spacing--30)\">\n<h1 class=\"wp-block-heading alignwide has-text-align-center has-background-color has-text-color\" style=\"font-size:clamp(0.875rem, 0.875rem + ((1vw - 0.2rem) * 0.625), 1.25rem);\">Blog <\/h1>\n<\/div>\n<\/div>\n\n\n\n<div class=\"wp-block-group alignfull has-tertiary-background-color has-background has-global-padding is-layout-constrained wp-container-core-group-is-layout-fb85e995 wp-block-group-is-layout-constrained\" style=\"margin-top:0;margin-bottom:0;padding-top:var(--wp--preset--spacing--60);padding-right:var(--wp--preset--spacing--30);padding-bottom:var(--wp--preset--spacing--60);padding-left:var(--wp--preset--spacing--30)\">\n<h2 class=\"wp-block-heading has-text-align-center has-large-font-size\">L\u00e4s artiklar om din n\u00e4sta semester<\/h2>\n\n\n\n<p class=\"has-text-align-center\" style=\"margin-top:16px\">Dessa bloggartiklar kan hj\u00e4lpa dig att planera din semester p\u00e5 Camp Thrymheim. De inneh\u00e5ller viktiga och vanliga fr\u00e5gor kring din sommar- och vintersemester.<\/p>\n<\/div>\n\n\n\n<div class=\"wp-block-columns alignwide is-layout-flex wp-container-core-columns-is-layout-28f84493 wp-block-columns-is-layout-flex\">\n<div class=\"wp-block-column is-layout-flow wp-block-column-is-layout-flow\" style=\"flex-basis:33.33%\">\n<figure class=\"wp-block-image size-large\"><img loading=\"lazy\" decoding=\"async\" width=\"768\" height=\"1024\" src=\"https:\/\/naturetours-sweden.com\/wp-content\/uploads\/2025\/02\/IMG_1815-768x1024.jpeg\" alt=\"\" class=\"wp-image-595\" style=\"aspect-ratio:1;object-fit:cover\" srcset=\"https:\/\/naturetours-sweden.com\/wp-content\/uploads\/2025\/02\/IMG_1815-768x1024.jpeg 768w, https:\/\/naturetours-sweden.com\/wp-content\/uploads\/2025\/02\/IMG_1815-225x300.jpeg 225w, https:\/\/naturetours-sweden.com\/wp-content\/uploads\/2025\/02\/IMG_1815-1152x1536.jpeg 1152w, https:\/\/naturetours-sweden.com\/wp-content\/uploads\/2025\/02\/IMG_1815-9x12.jpeg 9w, https:\/\/naturetours-sweden.com\/wp-content\/uploads\/2025\/02\/IMG_1815.jpeg 1536w\" sizes=\"auto, (max-width: 768px) 100vw, 768px\" \/><\/figure>\n<\/div>\n\n\n\n<div class=\"wp-block-column is-vertically-aligned-center is-layout-flow wp-block-column-is-layout-flow\" style=\"flex-basis:66.66%\">\n<p class=\"has-text-align-center\"><strong>Hur du planerar en hundsl\u00e4detur<\/strong><\/p>\n\n\n\n<p>Denna artikel inneh\u00e5ller: <\/p>\n\n\n\n<ul class=\"wp-block-list\">\n<li>Allm\u00e4n kunskap om hundsl\u00e4de turer<\/li>\n\n\n\n<li>Hur du hittar den perfekta turen f\u00f6r dig sj\u00e4lv<\/li>\n\n\n\n<li>Vanliga fr\u00e5gor<\/li>\n<\/ul>\n\n\n\n<div class=\"wp-block-buttons is-content-justification-center is-layout-flex wp-container-core-buttons-is-layout-a89b3969 wp-block-buttons-is-layout-flex\">\n<div class=\"wp-block-button\"><a class=\"wp-block-button__link wp-element-button\" href=\"https:\/\/naturetours-sweden.com\/sv\/blogsledtour\/\">l\u00e4s mer<\/a><\/div>\n<\/div>\n<\/div>\n<\/div>\n\n\n\n<div class=\"wp-block-columns alignwide has-tertiary-background-color has-background is-layout-flex wp-container-core-columns-is-layout-28f84493 wp-block-columns-is-layout-flex\">\n<div class=\"wp-block-column is-layout-flow wp-block-column-is-layout-flow\" style=\"flex-basis:33.33%\">\n<figure class=\"wp-block-image size-large\"><img loading=\"lazy\" decoding=\"async\" width=\"768\" height=\"1024\" src=\"https:\/\/naturetours-sweden.com\/wp-content\/uploads\/2025\/03\/IMG_2194-768x1024.jpeg\" alt=\"\" class=\"wp-image-802\" style=\"aspect-ratio:1;object-fit:cover\" srcset=\"https:\/\/naturetours-sweden.com\/wp-content\/uploads\/2025\/03\/IMG_2194-768x1024.jpeg 768w, https:\/\/naturetours-sweden.com\/wp-content\/uploads\/2025\/03\/IMG_2194-225x300.jpeg 225w, https:\/\/naturetours-sweden.com\/wp-content\/uploads\/2025\/03\/IMG_2194-1152x1536.jpeg 1152w, https:\/\/naturetours-sweden.com\/wp-content\/uploads\/2025\/03\/IMG_2194-9x12.jpeg 9w, https:\/\/naturetours-sweden.com\/wp-content\/uploads\/2025\/03\/IMG_2194.jpeg 1536w\" sizes=\"auto, (max-width: 768px) 100vw, 768px\" \/><\/figure>\n<\/div>\n\n\n\n<div class=\"wp-block-column is-vertically-aligned-center is-layout-flow wp-block-column-is-layout-flow\" style=\"flex-basis:66.66%\">\n<p class=\"has-text-align-center\"><strong>Packlista hundspannstur<\/strong><\/p>\n\n\n\n<p>Denna artikel inneh\u00e5ller: <\/p>\n\n\n\n<ul class=\"wp-block-list\">\n<li>Vilka kl\u00e4der ska jag ha p\u00e5 en hundspannstur?<\/li>\n\n\n\n<li>Rekommendationer<\/li>\n<\/ul>\n\n\n\n<div class=\"wp-block-buttons is-content-justification-center is-layout-flex wp-container-core-buttons-is-layout-a89b3969 wp-block-buttons-is-layout-flex\">\n<div class=\"wp-block-button\"><a class=\"wp-block-button__link wp-element-button\" href=\"https:\/\/naturetours-sweden.com\/sv\/blogclothing\/\">l\u00e4s mer<\/a><\/div>\n<\/div>\n<\/div>\n<\/div>\n\n\n\n<div class=\"wp-block-columns alignwide is-layout-flex wp-container-core-columns-is-layout-28f84493 wp-block-columns-is-layout-flex\">\n<div class=\"wp-block-column is-layout-flow wp-block-column-is-layout-flow\" style=\"flex-basis:33.33%\">\n<figure class=\"wp-block-image size-full\"><img loading=\"lazy\" decoding=\"async\" width=\"800\" height=\"600\" src=\"https:\/\/naturetours-sweden.com\/wp-content\/uploads\/2025\/03\/89705C93-0E28-4260-A1F2-681569D96499.jpg\" alt=\"\" class=\"wp-image-756\" style=\"aspect-ratio:1;object-fit:cover\" srcset=\"https:\/\/naturetours-sweden.com\/wp-content\/uploads\/2025\/03\/89705C93-0E28-4260-A1F2-681569D96499.jpg 800w, https:\/\/naturetours-sweden.com\/wp-content\/uploads\/2025\/03\/89705C93-0E28-4260-A1F2-681569D96499-300x225.jpg 300w, https:\/\/naturetours-sweden.com\/wp-content\/uploads\/2025\/03\/89705C93-0E28-4260-A1F2-681569D96499-768x576.jpg 768w, https:\/\/naturetours-sweden.com\/wp-content\/uploads\/2025\/03\/89705C93-0E28-4260-A1F2-681569D96499-16x12.jpg 16w\" sizes=\"auto, (max-width: 800px) 100vw, 800px\" \/><\/figure>\n<\/div>\n\n\n\n<div class=\"wp-block-column is-vertically-aligned-center is-layout-flow wp-block-column-is-layout-flow\" style=\"flex-basis:66.66%\">\n<p class=\"has-text-align-center\"><strong>Fiska i Sverige<\/strong><\/p>\n\n\n\n<p>Denna artikel inneh\u00e5ller: <\/p>\n\n\n\n<ul class=\"wp-block-list\">\n<li>Allm\u00e4n kunskap om fiske i Sverige<\/li>\n\n\n\n<li>Fiske i J\u00e4mtland, mellersta Sverige<\/li>\n<\/ul>\n\n\n\n<div class=\"wp-block-buttons is-content-justification-center is-layout-flex wp-container-core-buttons-is-layout-a89b3969 wp-block-buttons-is-layout-flex\">\n<div class=\"wp-block-button\"><a class=\"wp-block-button__link wp-element-button\">kommer snart<\/a><\/div>\n<\/div>\n<\/div>\n<\/div>\n\n\n\n<p><\/p>","protected":false},"excerpt":{"rendered":"<p>Blog Read articles about your next vacation These Blog articles might help your to plan your vacation at Camp Thrymheim. It contains important and frequently asked questions around your summer and winter holiday. How to plan a sled dog tour This article includes: Packing list sled dog tour This article includes: Fishing in Sweden This [&hellip;]<\/p>\n","protected":false},"author":1,"featured_media":0,"parent":0,"menu_order":0,"comment_status":"closed","ping_status":"closed","template":"","meta":{"om_disable_all_campaigns":false,"_monsterinsights_skip_tracking":false,"_monsterinsights_sitenote_active":false,"_monsterinsights_sitenote_note":"","_monsterinsights_sitenote_category":0,"footnotes":""},"class_list":["post-1172","page","type-page","status-publish","hentry"],"aioseo_notices":[],"_links":{"self":[{"href":"https:\/\/naturetours-sweden.com\/sv\/wp-json\/wp\/v2\/pages\/1172","targetHints":{"allow":["GET"]}}],"collection":[{"href":"https:\/\/naturetours-sweden.com\/sv\/wp-json\/wp\/v2\/pages"}],"about":[{"href":"https:\/\/naturetours-sweden.com\/sv\/wp-json\/wp\/v2\/types\/page"}],"author":[{"embeddable":true,"href":"https:\/\/naturetours-sweden.com\/sv\/wp-json\/wp\/v2\/users\/1"}],"replies":[{"embeddable":true,"href":"https:\/\/naturetours-sweden.com\/sv\/wp-json\/wp\/v2\/comments?post=1172"}],"version-history":[{"count":8,"href":"https:\/\/naturetours-sweden.com\/sv\/wp-json\/wp\/v2\/pages\/1172\/revisions"}],"predecessor-version":[{"id":1284,"href":"https:\/\/naturetours-sweden.com\/sv\/wp-json\/wp\/v2\/pages\/1172\/revisions\/1284"}],"wp:attachment":[{"href":"https:\/\/naturetours-sweden.com\/sv\/wp-json\/wp\/v2\/media?parent=1172"}],"curies":[{"name":"wp","href":"https:\/\/api.w.org\/{rel}","templated":true}]}}