{"id":126,"date":"2025-02-09T14:01:01","date_gmt":"2025-02-09T14:01:01","guid":{"rendered":"https:\/\/naturetours-sweden.com\/?page_id=126"},"modified":"2026-03-31T17:16:22","modified_gmt":"2026-03-31T15:16:22","slug":"horseride","status":"publish","type":"page","link":"https:\/\/naturetours-sweden.com\/de\/horseride\/","title":{"rendered":"Horse rides"},"content":{"rendered":"<div class=\"wp-block-group alignfull has-foreground-alt-background-color has-background has-global-padding is-layout-constrained wp-block-group-is-layout-constrained\" style=\"margin-top:0;margin-bottom:0;padding-top:0;padding-bottom:0\">\n<h2 class=\"wp-block-heading has-background-color has-text-color has-link-color wp-elements-cb003e2469b968590b0fb6fe42640097\" style=\"padding-top:var(--wp--preset--spacing--20);padding-bottom:var(--wp--preset--spacing--20)\">kommt 2027<\/h2>\n<\/div>\n\n\n\n<div class=\"wp-block-group alignfull has-tertiary-background-color has-background has-global-padding is-layout-constrained wp-container-core-group-is-layout-7276a2bb wp-block-group-is-layout-constrained\" id=\"jetzt-buchen\" style=\"margin-top:0;margin-bottom:0;padding-top:var(--wp--preset--spacing--60);padding-right:var(--wp--preset--spacing--30);padding-bottom:var(--wp--preset--spacing--60);padding-left:var(--wp--preset--spacing--30)\">\n<div class=\"wp-block-columns alignwide are-vertically-aligned-center is-layout-flex wp-container-core-columns-is-layout-08c01c1c wp-block-columns-is-layout-flex\">\n<div class=\"wp-block-column is-vertically-aligned-center is-layout-flow wp-block-column-is-layout-flow\">\n<h2 class=\"wp-block-heading has-large-font-size\">Pferdeabenteuer in H\u00e4rjedalen<\/h2>\n\n\n\n<p style=\"margin-top:16px\">Wir planen, im Sommer 2027 Abenteuer zu Pferd anzubieten, mit dem Ziel, \u00dcbernachtungstouren in die schwedische Wildnis durchzuf\u00fchren.<\/p>\n\n\n\n<p>Die Touren f\u00fcr 2027 werden Ende 2026 ver\u00f6ffentlicht. Weitere Informationen werden hier und im Blog laufend erg\u00e4nzt. Wenn Sie interessiert sind und benachrichtigt werden m\u00f6chten, sobald unsere Touren online sind, geben Sie unten Ihre E-Mail-Adresse ein und Sie erfahren es als Erste(r).<\/p>\n\n\n\n<div class=\"wp-block-buttons is-layout-flex wp-block-buttons-is-layout-flex\" style=\"margin-top:var(--wp--preset--spacing--40)\"><\/div>\n<\/div>\n\n\n\n<div class=\"wp-block-column is-vertically-aligned-center is-layout-flow wp-block-column-is-layout-flow\">\n<div class=\"wp-block-cover is-light has-custom-content-position is-position-bottom-left\" style=\"border-radius:4px;padding-top:var(--wp--preset--spacing--40);padding-right:var(--wp--preset--spacing--30);padding-bottom:var(--wp--preset--spacing--30);padding-left:var(--wp--preset--spacing--30);min-height:443px;aspect-ratio:unset;\"><img loading=\"lazy\" decoding=\"async\" width=\"1024\" height=\"683\" class=\"wp-block-cover__image-background wp-image-1217 size-large\" alt=\"\" src=\"https:\/\/naturetours-sweden.com\/wp-content\/uploads\/2025\/05\/JB1_7012-1024x683.jpg\" data-object-fit=\"cover\" srcset=\"https:\/\/naturetours-sweden.com\/wp-content\/uploads\/2025\/05\/JB1_7012-1024x683.jpg 1024w, https:\/\/naturetours-sweden.com\/wp-content\/uploads\/2025\/05\/JB1_7012-300x200.jpg 300w, https:\/\/naturetours-sweden.com\/wp-content\/uploads\/2025\/05\/JB1_7012-768x512.jpg 768w, https:\/\/naturetours-sweden.com\/wp-content\/uploads\/2025\/05\/JB1_7012-1536x1024.jpg 1536w, https:\/\/naturetours-sweden.com\/wp-content\/uploads\/2025\/05\/JB1_7012-2048x1366.jpg 2048w, https:\/\/naturetours-sweden.com\/wp-content\/uploads\/2025\/05\/JB1_7012-18x12.jpg 18w\" sizes=\"auto, (max-width: 1024px) 100vw, 1024px\" \/><span aria-hidden=\"true\" class=\"wp-block-cover__background has-background-dim\" style=\"background-color:#9f9b85\"><\/span><div class=\"wp-block-cover__inner-container is-layout-flow wp-block-cover-is-layout-flow\">\n<div style=\"height:240px\" aria-hidden=\"true\" class=\"wp-block-spacer\"><\/div>\n<\/div><\/div>\n<\/div>\n<\/div>\n<\/div>\n\n\n\n<div class=\"wp-block-columns alignwide are-vertically-aligned-center is-layout-flex wp-container-core-columns-is-layout-28f84493 wp-block-columns-is-layout-flex\">\n<div class=\"wp-block-column is-vertically-aligned-center is-layout-flow wp-block-column-is-layout-flow\" style=\"flex-basis:33.33%\">\n<figure class=\"wp-block-image alignright size-thumbnail is-resized has-custom-border\"><img loading=\"lazy\" decoding=\"async\" width=\"150\" height=\"150\" src=\"https:\/\/naturetours-sweden.com\/wp-content\/uploads\/2025\/05\/IMG-20250513-WA0002-150x150.jpg\" alt=\"\" class=\"wp-image-1189\" style=\"border-radius:100px;width:102px;height:auto\" srcset=\"https:\/\/naturetours-sweden.com\/wp-content\/uploads\/2025\/05\/IMG-20250513-WA0002-150x150.jpg 150w, https:\/\/naturetours-sweden.com\/wp-content\/uploads\/2025\/05\/IMG-20250513-WA0002-300x300.jpg 300w, https:\/\/naturetours-sweden.com\/wp-content\/uploads\/2025\/05\/IMG-20250513-WA0002-1024x1024.jpg 1024w, https:\/\/naturetours-sweden.com\/wp-content\/uploads\/2025\/05\/IMG-20250513-WA0002-768x768.jpg 768w, https:\/\/naturetours-sweden.com\/wp-content\/uploads\/2025\/05\/IMG-20250513-WA0002-1536x1536.jpg 1536w, https:\/\/naturetours-sweden.com\/wp-content\/uploads\/2025\/05\/IMG-20250513-WA0002-12x12.jpg 12w, https:\/\/naturetours-sweden.com\/wp-content\/uploads\/2025\/05\/IMG-20250513-WA0002.jpg 1907w\" sizes=\"auto, (max-width: 150px) 100vw, 150px\" \/><\/figure>\n<\/div>\n\n\n\n<div class=\"wp-block-column is-vertically-aligned-center is-layout-flow wp-block-column-is-layout-flow\" style=\"flex-basis:66.66%\">\n<div class=\"wp-block-columns is-layout-flex wp-container-core-columns-is-layout-28f84493 wp-block-columns-is-layout-flex\">\n<div class=\"wp-block-column is-vertically-aligned-center is-layout-flow wp-block-column-is-layout-flow\" style=\"flex-basis:66.66%\">\n<p class=\"has-medium-font-size\"><strong>Petra &#8211; Your riding tour guide<\/strong><\/p>\n<\/div>\n\n\n\n<div class=\"wp-block-column is-layout-flow wp-block-column-is-layout-flow\" style=\"flex-basis:33.33%\">\n<div class=\"wp-block-buttons is-layout-flex wp-block-buttons-is-layout-flex\">\n<div class=\"wp-block-button has-custom-width wp-block-button__width-75\"><a class=\"wp-block-button__link has-small-font-size has-text-align-center has-custom-font-size wp-element-button\" href=\"https:\/\/naturetours-sweden.com\/de\/about-us\/#petra\" style=\"line-height:1.5\">mehr<\/a><\/div>\n<\/div>\n<\/div>\n<\/div>\n<\/div>\n<\/div>","protected":false},"excerpt":{"rendered":"<p>coming 2027 Horse adventures in H\u00e4rjedalen We are aiming to start providing adventures on horseback in the summer of 2027 with the plan of offering overnight tours out into the Swedish wilderness. The tours for 2027 will be published at the end of 2026. More information will be added continuously here and on the blog. [&hellip;]<\/p>\n","protected":false},"author":1,"featured_media":0,"parent":0,"menu_order":0,"comment_status":"closed","ping_status":"closed","template":"no-title","meta":{"om_disable_all_campaigns":false,"_monsterinsights_skip_tracking":false,"_monsterinsights_sitenote_active":false,"_monsterinsights_sitenote_note":"","_monsterinsights_sitenote_category":0,"footnotes":""},"class_list":["post-126","page","type-page","status-publish","hentry"],"aioseo_notices":[],"_links":{"self":[{"href":"https:\/\/naturetours-sweden.com\/de\/wp-json\/wp\/v2\/pages\/126","targetHints":{"allow":["GET"]}}],"collection":[{"href":"https:\/\/naturetours-sweden.com\/de\/wp-json\/wp\/v2\/pages"}],"about":[{"href":"https:\/\/naturetours-sweden.com\/de\/wp-json\/wp\/v2\/types\/page"}],"author":[{"embeddable":true,"href":"https:\/\/naturetours-sweden.com\/de\/wp-json\/wp\/v2\/users\/1"}],"replies":[{"embeddable":true,"href":"https:\/\/naturetours-sweden.com\/de\/wp-json\/wp\/v2\/comments?post=126"}],"version-history":[{"count":10,"href":"https:\/\/naturetours-sweden.com\/de\/wp-json\/wp\/v2\/pages\/126\/revisions"}],"predecessor-version":[{"id":1363,"href":"https:\/\/naturetours-sweden.com\/de\/wp-json\/wp\/v2\/pages\/126\/revisions\/1363"}],"wp:attachment":[{"href":"https:\/\/naturetours-sweden.com\/de\/wp-json\/wp\/v2\/media?parent=126"}],"curies":[{"name":"wp","href":"https:\/\/api.w.org\/{rel}","templated":true}]}}