{"id":1254,"date":"2025-05-21T14:48:26","date_gmt":"2025-05-21T12:48:26","guid":{"rendered":"https:\/\/naturetours-sweden.com\/?page_id=1254"},"modified":"2025-05-21T16:29:39","modified_gmt":"2025-05-21T14:29:39","slug":"blogsledtour","status":"publish","type":"page","link":"https:\/\/naturetours-sweden.com\/de\/blogsledtour\/","title":{"rendered":"blogsledtour"},"content":{"rendered":"<div class=\"wp-block-group alignfull has-foreground-background-color has-background has-global-padding is-layout-constrained wp-block-group-is-layout-constrained\" style=\"margin-top:0;margin-bottom:0;padding-top:0;padding-bottom:0\">\n<div class=\"wp-block-group alignwide has-global-padding is-layout-constrained wp-block-group-is-layout-constrained\" style=\"padding-top:var(--wp--preset--spacing--30);padding-bottom:var(--wp--preset--spacing--30)\">\n<h1 class=\"wp-block-heading alignwide has-text-align-center has-background-color has-text-color\" style=\"font-size:clamp(0.875rem, 0.875rem + ((1vw - 0.2rem) * 0.625), 1.25rem);\"><strong>Wie du eine Hundeschlittentour planst<\/strong><\/h1>\n<\/div>\n<\/div>\n\n\n\n<h3 class=\"wp-block-heading\"><strong>Wir machen eine Hundeschlittentour<\/strong><\/h3>\n\n\n\n<p>In diesem Artikel findest du interessante Informationen \u00fcber Hundeschlittentouren. Du erf\u00e4hrst, wie du dich richtig auf eine Tour vorbereitest und was dich vor Ort erwartet.<\/p>\n\n\n\n<ul class=\"wp-block-list\">\n<li><a href=\"#1\" title=\"\">Allgemeines<\/a><\/li>\n\n\n\n<li><a href=\"#2\" title=\"\">Dein Abenteuer mit Schlittenhunden<\/a><\/li>\n\n\n\n<li><a href=\"#3\" title=\"\">Wie du eine Hundeschlittentour planst<\/a><\/li>\n\n\n\n<li><a href=\"#4\" title=\"\">H\u00e4ufig gestellte Fragen<\/a><\/li>\n<\/ul>\n\n\n\n<div class=\"wp-block-buttons is-content-justification-center is-layout-flex wp-container-core-buttons-is-layout-a89b3969 wp-block-buttons-is-layout-flex\">\n<div class=\"wp-block-button\"><a class=\"wp-block-button__link wp-element-button\" href=\"https:\/\/naturetours-sweden.com\/de\/sleddogtours\/\">Buche deine Tour<\/a><\/div>\n<\/div>\n\n\n\n<p id=\"1\"><strong>Allgemeines<\/strong><\/p>\n\n\n\n<p>Da die Verbindung zwischen Mensch und Hund besteht, besonders in den schneereicheren Regionen der Welt, ziehen Hunde zusammen mit Menschen Schlitten. Mit ihren Teams konnten Schlittenf\u00fchrer (Musher) t\u00e4glich viele Kilometer und schwere Lasten bew\u00e4ltigen.<\/p>\n\n\n\n<p>Die Hunde wurden f\u00fcr die Jagd und Reisen genutzt, und in schlechten Zeiten galten sie auch als Notration f\u00fcr Menschen. Sp\u00e4ter wurden Schlittenhunde f\u00fcr zahlreiche Expeditionen eingesetzt. Sowohl der S\u00fcd- als auch der Nordpol wurden erstmals mit dem Hundeschlitten erreicht.<\/p>\n\n\n\n<p>Diese Tradition f\u00fchrte Ende des 19. Jahrhunderts zur Hundeschlittenfahrt als Hobby, und die ersten Rennen wurden abgehalten. Zum Beispiel ist das Iditarod-Rennen einem historischen Hundeteam nachempfunden, das w\u00e4hrend der Diphtherie-Epidemie in Nome, Alaska, eingesetzt wurde.<\/p>\n\n\n\n<p>Auch heute ist Hundeschlittenfahren in Skandinavien, Alaska, Kanada und Teilen der Schweiz\/Frankreich noch beliebt. W\u00e4hrend die Schlitten urspr\u00fcnglich von Alaskan Malamutes, Gr\u00f6nlandhunden, Samojeden, Sibirischen Huskys und Kanadischen Eskimohunden gezogen wurden, entscheiden sich viele Musher heute f\u00fcr die speziell gez\u00fcchteten Alaskan Huskys im Hundeschlittenrennen.&nbsp;<\/p>\n\n\n\n<p>Was alle Musher verbindet: Die Freude an einem Ausflug mit dem eigenen Hundeschlittenteam durch die unber\u00fchrte Winterlandschaft. Ganz bei sich selbst und dem vierbeinigen Team zu sein, Sonnenaufg\u00e4nge und Sonnenunterg\u00e4nge \u00fcber den baumlosen Gipfeln des Fjells zu erleben und die scheinbar endlosen W\u00e4lder zu erkunden.<\/p>\n\n\n\n<p>Und das kannst auch du erleben. Durch verschiedene Anbieter von Hundeschlittentouren kannst auch du dir deinen Traum von einer Fahrt mit Schlittenhunden erf\u00fcllen.<\/p>\n\n\n\n<p id=\"2\"><strong>Dein Abenteuer mit Schlittenhunden<\/strong><\/p>\n\n\n\n<p>Die meisten Anbieter von Hundeschlittentouren sind in Nordskandinavien ans\u00e4ssig. Hier findest du noch die schneereichsten Regionen Europas. Schnee zusammen mit einzigartigen Berglandschaften zieht jedes Jahr viele Touristen an. Die h\u00f6chste Schneesicherheit besteht von Januar bis Ende M\u00e4rz. Oft liegt der Schnee schon im Dezember und verschwindet erst im April. Die Zeit von Anfang Januar bis Mitte Februar gilt als k\u00e4lteste Periode. Je nach Region k\u00f6nnen ab Mitte November auch Temperaturen unter -30 Grad auftreten. Je weiter n\u00f6rdlich man kommt, desto dunkler wird es zu dieser Jahreszeit. F\u00fcr ein intensives Wintererlebnis sind Januar und Februar die besten Monate. Auch im M\u00e4rz\/April kann es nachts gelegentlich sehr kalt sein, tags\u00fcber ist es jedoch meist deutlich w\u00e4rmer. Das tats\u00e4chliche Wetter vor Ort l\u00e4sst sich jedoch langfristig nicht vorhersagen.<\/p>\n\n\n\n<p>Angepasst an unterschiedliche Erwartungen und Fitnessprofile der G\u00e4ste bieten die Anbieter verschiedene Tourmodelle an. Zuerst stellt sich die Frage, ob G\u00e4ste ihren eigenen Schlitten fahren oder lieber im Schlitten eines Guides mitfahren m\u00f6chten. Letzteres richtet sich vor allem an Personen, die sich wegen Fitness oder Alter nicht mit dem eigenen Hundeteam sicher f\u00fchlen. Die meisten bevorzugen jedoch, wie wir erlebt haben, die eigene Schlittenfahrt. Je nach Anbieter gibt es Stunden-\/Tagestouren oder mehrt\u00e4gige Touren. Zudem unterscheiden sich die Anbieter im Gesamterlebnis: Gro\u00dfe Anbieter arbeiten oft mit gro\u00dfen, komfortablen Hotels, kleinere bieten die ganze Bandbreite von gem\u00fctlichen, voll ausgestatteten Unterk\u00fcnften bis hin zu traditionellen skandinavischen Unterk\u00fcnften, die man selbst mit einem Holzofen beheizt. Ist dein Hundeurlaub Teil eines Skiurlaubs, sind Stunden-\/Tagestouren empfehlenswert. Die G\u00e4ste fahren dann entweder im Guide-Schlitten mit oder lenken ihren eigenen. Typischerweise verbringen Teilnehmer 1 bis 5 Stunden mit den Hunden in der Natur und legen 10\u201350 km zur\u00fcck. Viele Anbieter bieten auch eine kleine Kaffeepause an, die in Schweden \u201efika\u201c genannt wird.<\/p>\n\n\n\n<p>Entscheidet du dich f\u00fcr eine mehrt\u00e4gige Tour, kann es mehrere Tagestouren geben, mit dem Ziel, abends im Hauptlager in Sauna oder beheiztem Wasserfass zu entspannen, oder mehrere aufeinanderfolgende Tage mit \u00dcbernachtungen in Bergh\u00fctten, Zelten oder unter freiem Himmel.<\/p>\n\n\n\n<p id=\"3\"><strong>Wie du eine Hundeschlittentour planst<\/strong><\/p>\n\n\n\n<p>\u00dcberlege zuerst, welches Abenteuer zu dir passt. Soll es eine erste Einf\u00fchrung sein oder m\u00f6chtest du eine ganze Woche unterwegs sein? Informiere dich \u00fcber verschiedene Anbieter und w\u00e4hle ein passendes Tourmodell.<\/p>\n\n\n\n<p>Unsere Tipps, worauf du achten solltest:<\/p>\n\n\n\n<ul class=\"wp-block-list\">\n<li>Was wird mir angeboten?<\/li>\n\n\n\n<li>Wie werde ich untergebracht?<\/li>\n\n\n\n<li>Wie gro\u00df ist die Gesamtgruppe, mit der ich reise?<\/li>\n\n\n\n<li>Wie komme ich dorthin?<\/li>\n\n\n\n<li>In welcher Sprache werden die Touren angeboten?<\/li>\n\n\n\n<li>Ist die Reise gut beschrieben?<\/li>\n\n\n\n<li>Entspreche ich dem Fitnessprofil der Reise?<\/li>\n<\/ul>\n\n\n\n<p>Informiere dich dar\u00fcber auf den Websites und in den Social-Media-Auftritten der Unternehmen.<\/p>\n\n\n\n<p>Dann solltest du \u00fcberlegen, in welchem Zeitraum du reisen m\u00f6chtest und wie intensiv du den skandinavischen Winter erleben willst. M\u00f6chtest du Temperaturen unter -20 Grad erleben, solltest du fr\u00fch in der Wintersaison buchen. Bevorzugst du eine entspanntere Reise auf bereits gut pr\u00e4parierten Hundepfaden, ist der M\u00e4rz besser geeignet.<\/p>\n\n\n\n<p>Bevor du den Anbieter der Hundeschlittentour kontaktierst, solltest du dich auch \u00fcber die Anreisem\u00f6glichkeiten informieren. Die meisten Touren finden abseits gro\u00dfer St\u00e4dte und Flugh\u00e4fen statt, sodass die Anreise entsprechend kompliziert sein kann. Grunds\u00e4tzlich kannst du mit dem Auto anreisen oder fliegen und dann mit \u00f6ffentlichen Verkehrsmitteln oder einem Flughafentransfer zum Hundecamp gelangen.<\/p>\n\n\n\n<p>Danach solltest du \u00fcber eine Packliste nachdenken. Neben warmer, langer Unterw\u00e4sche und Skibekleidung sind Dinge wie Thermosflasche, Tagesrucksack, Stirnlampe, Ski- und Sonnenbrille oft empfehlenswert. Viele Anbieter stellen dir auch eine detaillierte Packliste sowie Leih-Ausr\u00fcstung zur Verf\u00fcgung. Wenn du eine Tour mit \u00dcbernachtungen in der Wildnis buchst, erkundige dich nach speziellen Expeditions-Schlafs\u00e4cken. Diese funktionieren bis -30 oder -40 Grad. Die meisten Schlafs\u00e4cke, die G\u00e4ste selbst mitbringen, sind den Bedingungen vor Ort nicht gewachsen.<\/p>\n\n\n\n<div class=\"wp-block-buttons is-content-justification-center is-layout-flex wp-container-core-buttons-is-layout-a89b3969 wp-block-buttons-is-layout-flex\">\n<div class=\"wp-block-button\"><a class=\"wp-block-button__link wp-element-button\" href=\"https:\/\/naturetours-sweden.com\/de\/sleddogtours\/\">Buche deine Tour<\/a><\/div>\n<\/div>\n\n\n\n<div class=\"alignnormal\"><div id=\"metaslider-id-236\" style=\"width: 100%;\" class=\"ml-slider-3-109-0 metaslider metaslider-flex metaslider-236 ml-slider has-dots-nav ms-theme-default-base\" role=\"region\" aria-label=\"sliderdogs\" data-height=\"500\" data-width=\"700\">\n    <div id=\"metaslider_container_236\">\n        <div id=\"metaslider_236\">\n            <ul class='slides'>\n                <li style=\"display: block; width: 100%;\" class=\"slide-873 ms-image\" aria-roledescription=\"slide\" data-date=\"2025-03-26 15:59:12\" data-filename=\"IMG_2051-700x500.jpeg\" data-slide-type=\"image\"><img loading=\"lazy\" decoding=\"async\" src=\"https:\/\/naturetours-sweden.com\/wp-content\/uploads\/2025\/03\/IMG_2051-700x500.jpeg\" height=\"500\" width=\"700\" alt=\"\" class=\"slider-236 slide-873 msDefaultImage\" title=\"IMG_2051\" \/><\/li>\n                <li style=\"display: none; width: 100%;\" class=\"slide-874 ms-image\" aria-roledescription=\"slide\" data-date=\"2025-03-26 15:59:34\" data-filename=\"DSC04018-scaled-700x500.jpg\" data-slide-type=\"image\"><img loading=\"lazy\" decoding=\"async\" src=\"https:\/\/naturetours-sweden.com\/wp-content\/uploads\/2025\/03\/DSC04018-scaled-700x500.jpg\" height=\"500\" width=\"700\" alt=\"\" class=\"slider-236 slide-874 msDefaultImage\" title=\"DSC04018\" \/><\/li>\n                <li style=\"display: none; width: 100%;\" class=\"slide-875 ms-image\" aria-roledescription=\"slide\" data-date=\"2025-03-26 16:00:04\" data-filename=\"IMG_0616-700x500.jpeg\" data-slide-type=\"image\"><img loading=\"lazy\" decoding=\"async\" src=\"https:\/\/naturetours-sweden.com\/wp-content\/uploads\/2025\/05\/IMG_0616-700x500.jpeg\" height=\"500\" width=\"700\" alt=\"\" class=\"slider-236 slide-875 msDefaultImage\" title=\"IMG_0616\" \/><\/li>\n                <li style=\"display: none; width: 100%;\" class=\"slide-876 ms-image\" aria-roledescription=\"slide\" data-date=\"2025-03-26 16:01:28\" data-filename=\"IMG_0978-700x500.jpeg\" data-slide-type=\"image\"><img loading=\"lazy\" decoding=\"async\" src=\"https:\/\/naturetours-sweden.com\/wp-content\/uploads\/2025\/02\/IMG_0978-700x500.jpeg\" height=\"500\" width=\"700\" alt=\"\" class=\"slider-236 slide-876 msDefaultImage\" title=\"IMG_0978\" \/><\/li>\n                <li style=\"display: none; width: 100%;\" class=\"slide-877 ms-image\" aria-roledescription=\"slide\" data-date=\"2025-03-26 16:01:28\" data-filename=\"IMG_0951-700x500.jpeg\" data-slide-type=\"image\"><img loading=\"lazy\" decoding=\"async\" src=\"https:\/\/naturetours-sweden.com\/wp-content\/uploads\/2025\/02\/IMG_0951-700x500.jpeg\" height=\"500\" width=\"700\" alt=\"\" class=\"slider-236 slide-877 msDefaultImage\" title=\"IMG_0951\" \/><\/li>\n                <li style=\"display: none; width: 100%;\" class=\"slide-878 ms-image\" aria-roledescription=\"slide\" data-date=\"2025-03-26 16:01:28\" data-filename=\"DSC03112-scaled-700x500.jpg\" data-slide-type=\"image\"><img loading=\"lazy\" decoding=\"async\" src=\"https:\/\/naturetours-sweden.com\/wp-content\/uploads\/2025\/02\/DSC03112-scaled-700x500.jpg\" height=\"500\" width=\"700\" alt=\"\" class=\"slider-236 slide-878 msDefaultImage\" title=\"DSC03112\" \/><\/li>\n                <li style=\"display: none; width: 100%;\" class=\"slide-879 ms-image\" aria-roledescription=\"slide\" data-date=\"2025-03-26 16:01:28\" data-filename=\"DSC01288-scaled-700x500.jpg\" data-slide-type=\"image\"><img loading=\"lazy\" decoding=\"async\" src=\"https:\/\/naturetours-sweden.com\/wp-content\/uploads\/2025\/02\/DSC01288-scaled-700x500.jpg\" height=\"500\" width=\"700\" alt=\"\" class=\"slider-236 slide-879 msDefaultImage\" title=\"DSC01288\" \/><\/li>\n                <li style=\"display: none; width: 100%;\" class=\"slide-880 ms-image\" aria-roledescription=\"slide\" data-date=\"2025-03-26 16:01:28\" data-filename=\"DSC04020-scaled-700x500.jpg\" data-slide-type=\"image\"><img loading=\"lazy\" decoding=\"async\" src=\"https:\/\/naturetours-sweden.com\/wp-content\/uploads\/2025\/02\/DSC04020-scaled-700x500.jpg\" height=\"500\" width=\"700\" alt=\"\" class=\"slider-236 slide-880 msDefaultImage\" title=\"DSC04020\" \/><\/li>\n                <li style=\"display: none; width: 100%;\" class=\"slide-881 ms-image\" aria-roledescription=\"slide\" data-date=\"2025-03-26 16:01:28\" data-filename=\"IMG_1076-700x500.jpeg\" data-slide-type=\"image\"><img loading=\"lazy\" decoding=\"async\" src=\"https:\/\/naturetours-sweden.com\/wp-content\/uploads\/2025\/02\/IMG_1076-700x500.jpeg\" height=\"500\" width=\"700\" alt=\"\" class=\"slider-236 slide-881 msDefaultImage\" title=\"IMG_1076\" \/><\/li>\n            <\/ul>\n        <\/div>\n        \n    <\/div>\n<\/div><\/div>\n\n\n\n<p id=\"4\" style=\"text-decoration:underline\"><strong>H\u00e4ufig gestellte Fragen<\/strong><\/p>\n\n\n\n<p><strong>Wie bleibe ich bei -30 Grad warm?<\/strong><\/p>\n\n\n\n<p>Neben passender Kleidung (siehe oben) ist eigene Bewegung entscheidend. Bewege st\u00e4ndig deine Gliedma\u00dfen, um nicht zu frieren. Wir bewegen unsere Zehen in den Schuhen, auch wenn wir lange sitzen oder stehen, und genauso die H\u00e4nde \u2013 je aktiver sie sind, desto w\u00e4rmer bleiben sie. Wenn du dich am ganzen K\u00f6rper kalt f\u00fchlst, kann ein kurzer Sprint durch den Tiefschnee helfen. Das ist sehr anstrengend und regt die eigene W\u00e4rmeproduktion stark an. Es gibt auch \u00dcbungen am Schlitten, die extreme K\u00e4lte verhindern k\u00f6nnen. Frag am besten deinen Guide, wie du dich am Schlitten am besten bewegst.<\/p>\n\n\n\n<p><strong>Wie komme ich dorthin?<\/strong><\/p>\n\n\n\n<p>Die meisten G\u00e4ste reisen mit dem Auto nach Skandinavien oder fliegen \u00fcber die gro\u00dfen Flugh\u00e4fen in Stockholm und Oslo. Von dort gibt es oft Busse zu den Schneeregionen.<\/p>\n\n\n\n<p><strong>Welche Schlitten werden bei den Touren verwendet?<\/strong><\/p>\n\n\n\n<p>In Gr\u00f6nland sind die Schlitten oft sehr breit und schwer (bis zu 5 Personen k\u00f6nnen darauf sitzen), w\u00e4hrend in Nordamerika und Nordeuropa sogenannte \u201eNordic Sleds\u201c verwendet werden. Diese bestehen meist aus Holz oder Aluminium. Der Schlittenf\u00fchrer steht hinten auf dem Schlitten und hat vorne Platz f\u00fcr Gep\u00e4ck oder eventuell eine Person.<\/p>\n\n\n\n<p><strong>Wie fit sollte ich sein?<\/strong><\/p>\n\n\n\n<p>Das h\u00e4ngt vom Umfang der Tour ab. Wenn du von einem Guide gefahren wirst, ist Fitness nicht so wichtig, aber du solltest flexibel genug sein, um dich in Kurven zu lehnen und bei einem Sturz schnell wieder aufzustehen. Besonders bei mehrt\u00e4gigen Touren sollten Teilnehmer einigerma\u00dfen fit sein. Erkundige dich vorab beim Anbieter nach dem empfohlenen Fitnesslevel. Manchmal ist es besser, vorsichtig zu starten und nach etwas Erfahrung l\u00e4ngere\/intensivere Touren zu buchen.<\/p>\n\n\n\n<p><strong>Wie geht es den Tieren? \/ Tierschutz<\/strong><\/p>\n\n\n\n<p>Die Tiere sind entweder f\u00fcr diesen Zweck gez\u00fcchtet oder, wie unsere Gr\u00f6nlandhunde, leben seit Tausenden von Jahren mit Zugarbeit. Das Ziehen von Schlitten ist der effektivste und sinnvollste Weg, um den hohen Bewegungsbedarf der Tiere zu decken. Hunde haben jedoch auch andere Bed\u00fcrfnisse. Sie erkunden gerne Neues und haben ein oft ausgepr\u00e4gtes Sozialleben, das sie ausleben m\u00f6chten. Nat\u00fcrlich kann man jedem einzelnen Hund mehr Aufmerksamkeit schenken, je kleiner die Gesamtanzahl der Hunde ist. Die meisten Schlittenhunde sind sehr gut an die kalten und verschneiten Regionen angepasst, in denen sie leben. W\u00e4hrend sich z. B. Gr\u00f6nlandhunde oder Alaskan Malamutes bei Temperaturen unter -25 Grad wirklich wohlf\u00fchlen, ben\u00f6tigen die modern gez\u00fcchteten Alaskan Huskies bei solchen Temperaturen Hilfsmittel wie Jacken und gut isolierte Hundeh\u00fctten.<\/p>\n\n\n\n<p><strong>Was machen die Hunde im Sommer?<\/strong><\/p>\n\n\n\n<p>Manche Musher lassen ihre Hunde im Sommer f\u00fcr einige Monate in Gehegen, andere trainieren ihre Hunde das ganze Jahr \u00fcber. Teams von 10-20 Hunden werden an Quads oder Strandbuggys angespannt und trainiert. Da die Hunde bei hohen Temperaturen schnell \u00fcberhitzen, findet das Training im Sommer meist nachts nach Sonnenuntergang der Mitternachtssonne statt. Wir trainieren unsere Hunde das ganze Jahr \u00fcber. So erhalten wir nicht nur ihre Muskeln f\u00fcr die n\u00e4chste Saison, sondern geben ihnen auch die k\u00f6rperliche und mentale Auslastung, die sie brauchen.<\/p>\n\n\n\n<p><strong>Kann ich mit Schlittenhunden arbeiten?<\/strong><\/p>\n\n\n\n<p>Die Arbeit ist stark saisonal. Die meisten Arbeitskr\u00e4fte werden im Winter ben\u00f6tigt und gesucht, aber die Hunde brauchen auch im Sommer Pflege. Wenn das etwas f\u00fcr dich ist, schreibe ab Mai an einige Touranbieter und frage, ob du bis zum Winter dort arbeiten kannst. Zuerst startest du als Gehilf im Hundezwinger (oft gegen Kost und Logis). Du f\u00fctterst die Hunde, k\u00fcmmerst dich um die Tourg\u00e4ste und hilfst im Hauptlager. Je l\u00e4nger du arbeitest, desto mehr Verantwortung kannst du \u00fcbernehmen und du hast auch Aussichten auf ein Gehalt. Achte darauf, offiziell beim Arbeitgeber angemeldet zu sein und erkundige dich vorher nach den Wohnbedingungen. Tipp: Viele Stellen werden in entsprechenden Facebook-Gruppen ausgeschrieben.<\/p>\n\n\n\n<div class=\"wp-block-buttons is-content-justification-center is-layout-flex wp-container-core-buttons-is-layout-a89b3969 wp-block-buttons-is-layout-flex\">\n<div class=\"wp-block-button\"><a class=\"wp-block-button__link wp-element-button\" href=\"https:\/\/naturetours-sweden.com\/de\/sleddogtours\/\">Buche deine Tour<\/a><\/div>\n<\/div>\n\n\n\n<div class=\"alignnormal\"><div id=\"metaslider-id-256\" style=\"width: 100%;\" class=\"ml-slider-3-109-0 metaslider metaslider-flex metaslider-256 ml-slider has-dots-nav ms-theme-default-base\" role=\"region\" aria-label=\"sliderwildtour\" data-height=\"500\" data-width=\"700\">\n    <div id=\"metaslider_container_256\">\n        <div id=\"metaslider_256\">\n            <ul class='slides'>\n                <li style=\"display: block; width: 100%;\" class=\"slide-884 ms-image\" aria-roledescription=\"slide\" data-date=\"2025-03-26 16:43:41\" data-filename=\"DSC03709-scaled-700x500.jpeg\" data-slide-type=\"image\"><img loading=\"lazy\" decoding=\"async\" src=\"https:\/\/naturetours-sweden.com\/wp-content\/uploads\/2025\/03\/DSC03709-scaled-700x500.jpeg\" height=\"500\" width=\"700\" alt=\"\" class=\"slider-256 slide-884 msDefaultImage\" title=\"DSC03709\" \/><\/li>\n                <li style=\"display: none; width: 100%;\" class=\"slide-886 ms-image\" aria-roledescription=\"slide\" data-date=\"2025-03-26 16:43:41\" data-filename=\"IMG_1792-700x500.jpeg\" data-slide-type=\"image\"><img loading=\"lazy\" decoding=\"async\" src=\"https:\/\/naturetours-sweden.com\/wp-content\/uploads\/2025\/02\/IMG_1792-700x500.jpeg\" height=\"500\" width=\"700\" alt=\"\" class=\"slider-256 slide-886 msDefaultImage\" title=\"IMG_1792\" \/><\/li>\n                <li style=\"display: none; width: 100%;\" class=\"slide-887 ms-image\" aria-roledescription=\"slide\" data-date=\"2025-03-26 16:43:41\" data-filename=\"IMG_1367-700x500.jpeg\" data-slide-type=\"image\"><img loading=\"lazy\" decoding=\"async\" src=\"https:\/\/naturetours-sweden.com\/wp-content\/uploads\/2025\/02\/IMG_1367-700x500.jpeg\" height=\"500\" width=\"700\" alt=\"\" class=\"slider-256 slide-887 msDefaultImage\" title=\"IMG_1367\" \/><\/li>\n            <\/ul>\n        <\/div>\n        \n    <\/div>\n<\/div><\/div>\n\n\n\n<p><strong>Hast du Fragen? Frag uns!<\/strong><\/p>\n\n\n\n<div class=\"wp-block-contact-form-7-contact-form-selector\">\n<div class=\"wpcf7 no-js\" id=\"wpcf7-f89-o1\" lang=\"de-DE\" dir=\"ltr\" data-wpcf7-id=\"89\">\n<div class=\"screen-reader-response\"><p role=\"status\" aria-live=\"polite\" aria-atomic=\"true\"><\/p> <ul><\/ul><\/div>\n<form action=\"\/de\/wp-json\/wp\/v2\/pages\/1254#wpcf7-f89-o1\" method=\"post\" class=\"wpcf7-form init\" aria-label=\"Kontaktformular\" novalidate=\"novalidate\" data-status=\"init\" data-trp-original-action=\"\/de\/wp-json\/wp\/v2\/pages\/1254#wpcf7-f89-o1\">\n<fieldset class=\"hidden-fields-container\"><input type=\"hidden\" name=\"_wpcf7\" value=\"89\" \/><input type=\"hidden\" name=\"_wpcf7_version\" value=\"6.1.5\" \/><input type=\"hidden\" name=\"_wpcf7_locale\" value=\"de_DE\" \/><input type=\"hidden\" name=\"_wpcf7_unit_tag\" value=\"wpcf7-f89-o1\" \/><input type=\"hidden\" name=\"_wpcf7_container_post\" value=\"0\" \/><input type=\"hidden\" name=\"_wpcf7_posted_data_hash\" value=\"\" \/>\n<\/fieldset>\n<p><label> Dein Name<br \/>\n<span class=\"wpcf7-form-control-wrap\" data-name=\"your-name\"><input size=\"40\" maxlength=\"400\" class=\"wpcf7-form-control wpcf7-text wpcf7-validates-as-required\" autocomplete=\"name\" aria-required=\"true\" aria-invalid=\"false\" value=\"\" type=\"text\" name=\"your-name\" \/><\/span> <\/label>\n<\/p>\n<p><label> Deine E-Mail-Adresse<br \/>\n<span class=\"wpcf7-form-control-wrap\" data-name=\"your-email\"><input size=\"40\" maxlength=\"400\" class=\"wpcf7-form-control wpcf7-email wpcf7-validates-as-required wpcf7-text wpcf7-validates-as-email\" autocomplete=\"email\" aria-required=\"true\" aria-invalid=\"false\" value=\"\" type=\"email\" name=\"your-email\" \/><\/span> <\/label>\n<\/p>\n<p><label> Deine Telefonnummer<br \/>\n<span class=\"wpcf7-form-control-wrap\" data-name=\"tel-819\"><input size=\"40\" maxlength=\"400\" class=\"wpcf7-form-control wpcf7-tel wpcf7-validates-as-required wpcf7-text wpcf7-validates-as-tel\" aria-required=\"true\" aria-invalid=\"false\" value=\"\" type=\"tel\" name=\"tel-819\" \/><\/span> <\/label>\n<\/p>\n<p><label> Deine Nachricht<br \/>\n<span class=\"wpcf7-form-control-wrap\" data-name=\"your-message\"><textarea cols=\"40\" rows=\"10\" maxlength=\"2000\" class=\"wpcf7-form-control wpcf7-textarea wpcf7-validates-as-required\" aria-required=\"true\" aria-invalid=\"false\" name=\"your-message\"><\/textarea><\/span> <\/label>\n<\/p>\n<p><span class=\"wpcf7-form-control-wrap\" data-name=\"quiz-35\"><label><span class=\"wpcf7-quiz-label\">Wie heisst Frankreichs Hauptstadt?<\/span> <input size=\"40\" class=\"wpcf7-form-control wpcf7-quiz\" autocomplete=\"off\" aria-required=\"true\" aria-invalid=\"false\" type=\"text\" name=\"quiz-35\" \/><\/label><input type=\"hidden\" name=\"_wpcf7_quiz_answer_quiz-35\" value=\"2387e3a7193abf931926bbc5e0e351c9\" \/><\/span>\n<\/p>\n<p><input class=\"wpcf7-form-control wpcf7-submit has-spinner\" type=\"submit\" value=\"senden\" \/>\n<\/p><div class=\"wpcf7-response-output\" aria-hidden=\"true\"><\/div>\n<input type=\"hidden\" name=\"trp-form-language\" value=\"de\"\/><\/form>\n<\/div>\n<\/div>","protected":false},"excerpt":{"rendered":"<p>How to plan a sled dog tour We are going on a sled dog tour In this article, you will find interesting information about dog sledding tours. You will learn how to properly prepare for a tour and what to expect on-site. General Since the connection between humans and dogs exists, especially in the snowier [&hellip;]<\/p>\n","protected":false},"author":1,"featured_media":0,"parent":0,"menu_order":0,"comment_status":"closed","ping_status":"closed","template":"no-title","meta":{"om_disable_all_campaigns":false,"_monsterinsights_skip_tracking":false,"_monsterinsights_sitenote_active":false,"_monsterinsights_sitenote_note":"","_monsterinsights_sitenote_category":0,"footnotes":""},"class_list":["post-1254","page","type-page","status-publish","hentry"],"aioseo_notices":[],"_links":{"self":[{"href":"https:\/\/naturetours-sweden.com\/de\/wp-json\/wp\/v2\/pages\/1254","targetHints":{"allow":["GET"]}}],"collection":[{"href":"https:\/\/naturetours-sweden.com\/de\/wp-json\/wp\/v2\/pages"}],"about":[{"href":"https:\/\/naturetours-sweden.com\/de\/wp-json\/wp\/v2\/types\/page"}],"author":[{"embeddable":true,"href":"https:\/\/naturetours-sweden.com\/de\/wp-json\/wp\/v2\/users\/1"}],"replies":[{"embeddable":true,"href":"https:\/\/naturetours-sweden.com\/de\/wp-json\/wp\/v2\/comments?post=1254"}],"version-history":[{"count":7,"href":"https:\/\/naturetours-sweden.com\/de\/wp-json\/wp\/v2\/pages\/1254\/revisions"}],"predecessor-version":[{"id":1267,"href":"https:\/\/naturetours-sweden.com\/de\/wp-json\/wp\/v2\/pages\/1254\/revisions\/1267"}],"wp:attachment":[{"href":"https:\/\/naturetours-sweden.com\/de\/wp-json\/wp\/v2\/media?parent=1254"}],"curies":[{"name":"wp","href":"https:\/\/api.w.org\/{rel}","templated":true}]}}